{"id":91012,"date":"2019-11-26T09:46:14","date_gmt":"2019-11-26T09:46:14","guid":{"rendered":"https:\/\/www.3p-gmbh.de\/produkt\/misturador-de-cores-busch-fm-12-com-2-recipientes-de-mistura\/"},"modified":"2019-11-26T09:46:14","modified_gmt":"2019-11-26T09:46:14","slug":"misturador-de-cores-busch-fm-12","status":"publish","type":"product","link":"https:\/\/www.3p-gmbh.de\/pt-br\/produkt\/misturador-de-cores-busch-fm-12\/","title":{"rendered":"Misturador de cores Busch FM 12 com 2 recipientes de mistura"},"content":{"rendered":"<p><strong>Misturador de cores Busch FM 12 com 2 recipientes de mistura<\/strong><br \/>\ncom bra\u00e7o de mistura articulado para uma mistura r\u00e1pida e intensiva de tintas de impress\u00e3o.<br \/>\nO efeito de mistura completa \u00e9 conseguido pelo bra\u00e7o misturador com o recipiente de tinta em rota\u00e7\u00e3o simult\u00e2nea<br \/>\n&#8211; sem bolhas e sem grumos.<\/p>\n<p>Capacidade 2-12 kg<\/p>\n","protected":false},"excerpt":{"rendered":"<p>Misturador de cores Busch FM 12 com 2 recipientes de mistura com bra\u00e7o de mistura articulado para uma mistura r\u00e1pida e intensiva de tintas de impress\u00e3o. O efeito de mistura completa \u00e9 conseguido pelo bra\u00e7o misturador com o recipiente de tinta em rota\u00e7\u00e3o simult\u00e2nea &#8211; sem bolhas e sem grumos. Capacidade 2-12 kg<\/p>\n","protected":false},"featured_media":85282,"template":"","meta":[],"product_brand":[],"product_cat":[2898],"product_tag":[],"class_list":{"0":"post-91012","1":"product","2":"type-product","3":"status-publish","4":"has-post-thumbnail","6":"product_cat-acessorios-e-pecas-sobressalentes-para-prensas","7":"pa_hersteller-buschgraph","8":"pa_typ-fm-12","10":"first","11":"instock","12":"taxable","13":"shipping-taxable","14":"purchasable","15":"product-type-simple"},"jetpack_sharing_enabled":true,"_links":{"self":[{"href":"https:\/\/www.3p-gmbh.de\/pt-br\/wp-json\/wp\/v2\/product\/91012","targetHints":{"allow":["GET"]}}],"collection":[{"href":"https:\/\/www.3p-gmbh.de\/pt-br\/wp-json\/wp\/v2\/product"}],"about":[{"href":"https:\/\/www.3p-gmbh.de\/pt-br\/wp-json\/wp\/v2\/types\/product"}],"wp:featuredmedia":[{"embeddable":true,"href":"https:\/\/www.3p-gmbh.de\/pt-br\/wp-json\/wp\/v2\/media\/85282"}],"wp:attachment":[{"href":"https:\/\/www.3p-gmbh.de\/pt-br\/wp-json\/wp\/v2\/media?parent=91012"}],"wp:term":[{"taxonomy":"product_brand","embeddable":true,"href":"https:\/\/www.3p-gmbh.de\/pt-br\/wp-json\/wp\/v2\/product_brand?post=91012"},{"taxonomy":"product_cat","embeddable":true,"href":"https:\/\/www.3p-gmbh.de\/pt-br\/wp-json\/wp\/v2\/product_cat?post=91012"},{"taxonomy":"product_tag","embeddable":true,"href":"https:\/\/www.3p-gmbh.de\/pt-br\/wp-json\/wp\/v2\/product_tag?post=91012"}],"curies":[{"name":"wp","href":"https:\/\/api.w.org\/{rel}","templated":true}]}}