{"id":91010,"date":"2019-11-26T12:08:08","date_gmt":"2019-11-26T12:08:08","guid":{"rendered":"https:\/\/www.3p-gmbh.de\/produkt\/unidades-de-numeracao-leibinger-grade-ou-transversal-para-heidelberg-gto-46-52-ou-speedmaster-52\/"},"modified":"2019-11-26T12:08:08","modified_gmt":"2019-11-26T12:08:08","slug":"leibinger-numbering-machines-grade-or-square-makers-for-heidelberg-gto-46-heidelberg-52-or-speedmaster-52","status":"publish","type":"product","link":"https:\/\/www.3p-gmbh.de\/pt-br\/produkt\/leibinger-numbering-machines-grade-or-square-makers-for-heidelberg-gto-46-heidelberg-52-or-speedmaster-52\/","title":{"rendered":"Unidades de numera\u00e7\u00e3o Leibinger Grade ou transversal para Heidelberg GTO 46\/52 ou Speedmaster 52"},"content":{"rendered":"<ul>\n<li>usado, completamente desmontado, limpo e revisto<\/li>\n<li>Dispon\u00edvel em: contagem ascendente, contagem descendente, posi\u00e7\u00e3o vertical e posi\u00e7\u00e3o horizontal<\/li>\n<li>7 d\u00edgitos<\/li>\n<\/ul>\n","protected":false},"excerpt":{"rendered":"<p>usado, completamente desmontado, limpo e revisto Dispon\u00edvel em: contagem ascendente, contagem descendente, posi\u00e7\u00e3o vertical e posi\u00e7\u00e3o horizontal 7 d\u00edgitos<\/p>\n","protected":false},"featured_media":78699,"template":"","meta":[],"product_brand":[],"product_cat":[2883],"product_tag":[],"class_list":{"0":"post-91010","1":"product","2":"type-product","3":"status-publish","4":"has-post-thumbnail","6":"product_cat-impressao-tipografica","7":"pa_bezeichnung_typ-buchdruck-numerierwerke","8":"pa_hersteller-leibinger","10":"first","11":"instock","12":"taxable","13":"shipping-taxable","14":"purchasable","15":"product-type-simple"},"jetpack_sharing_enabled":true,"_links":{"self":[{"href":"https:\/\/www.3p-gmbh.de\/pt-br\/wp-json\/wp\/v2\/product\/91010","targetHints":{"allow":["GET"]}}],"collection":[{"href":"https:\/\/www.3p-gmbh.de\/pt-br\/wp-json\/wp\/v2\/product"}],"about":[{"href":"https:\/\/www.3p-gmbh.de\/pt-br\/wp-json\/wp\/v2\/types\/product"}],"wp:featuredmedia":[{"embeddable":true,"href":"https:\/\/www.3p-gmbh.de\/pt-br\/wp-json\/wp\/v2\/media\/78699"}],"wp:attachment":[{"href":"https:\/\/www.3p-gmbh.de\/pt-br\/wp-json\/wp\/v2\/media?parent=91010"}],"wp:term":[{"taxonomy":"product_brand","embeddable":true,"href":"https:\/\/www.3p-gmbh.de\/pt-br\/wp-json\/wp\/v2\/product_brand?post=91010"},{"taxonomy":"product_cat","embeddable":true,"href":"https:\/\/www.3p-gmbh.de\/pt-br\/wp-json\/wp\/v2\/product_cat?post=91010"},{"taxonomy":"product_tag","embeddable":true,"href":"https:\/\/www.3p-gmbh.de\/pt-br\/wp-json\/wp\/v2\/product_tag?post=91010"}],"curies":[{"name":"wp","href":"https:\/\/api.w.org\/{rel}","templated":true}]}}