{"id":91007,"date":"2019-11-26T09:59:09","date_gmt":"2019-11-26T09:59:09","guid":{"rendered":"https:\/\/www.3p-gmbh.de\/produkt\/perfuracao-longitudinal-para-heidelberg-gto-46-ou-heidelberg-gto-52\/"},"modified":"2019-11-26T09:59:09","modified_gmt":"2019-11-26T09:59:09","slug":"perfuracao-longitudinal-para-heidelberg-gto-46-ou-heidelberg-gto-52","status":"publish","type":"product","link":"https:\/\/www.3p-gmbh.de\/pt-br\/produkt\/perfuracao-longitudinal-para-heidelberg-gto-46-ou-heidelberg-gto-52\/","title":{"rendered":"Perfura\u00e7\u00e3o longitudinal para Heidelberg GTO 46 ou Heidelberg GTO 52"},"content":{"rendered":"<p>1 Travessia de explora\u00e7\u00e3o<br \/>\n2 suportes laterais<br \/>\n2 bra\u00e7os perfurantes compridos<br \/>\n6 facas de perfura\u00e7\u00e3o (v\u00e1rias filas de dentes)<\/p>\n","protected":false},"excerpt":{"rendered":"<p>1 Travessia de explora\u00e7\u00e3o 2 suportes laterais 2 bra\u00e7os perfurantes compridos 6 facas de perfura\u00e7\u00e3o (v\u00e1rias filas de dentes)<\/p>\n","protected":false},"featured_media":75750,"template":"","meta":[],"product_brand":[],"product_cat":[2898],"product_tag":[],"class_list":{"0":"post-91007","1":"product","2":"type-product","3":"status-publish","4":"has-post-thumbnail","6":"product_cat-acessorios-e-pecas-sobressalentes-para-prensas","7":"pa_hersteller-heidelberger-druckmaschinen","8":"pa_typ-laengsperforation-fuer-heidelberg-gto","10":"first","11":"instock","12":"taxable","13":"shipping-taxable","14":"purchasable","15":"product-type-simple"},"jetpack_sharing_enabled":true,"_links":{"self":[{"href":"https:\/\/www.3p-gmbh.de\/pt-br\/wp-json\/wp\/v2\/product\/91007","targetHints":{"allow":["GET"]}}],"collection":[{"href":"https:\/\/www.3p-gmbh.de\/pt-br\/wp-json\/wp\/v2\/product"}],"about":[{"href":"https:\/\/www.3p-gmbh.de\/pt-br\/wp-json\/wp\/v2\/types\/product"}],"wp:featuredmedia":[{"embeddable":true,"href":"https:\/\/www.3p-gmbh.de\/pt-br\/wp-json\/wp\/v2\/media\/75750"}],"wp:attachment":[{"href":"https:\/\/www.3p-gmbh.de\/pt-br\/wp-json\/wp\/v2\/media?parent=91007"}],"wp:term":[{"taxonomy":"product_brand","embeddable":true,"href":"https:\/\/www.3p-gmbh.de\/pt-br\/wp-json\/wp\/v2\/product_brand?post=91007"},{"taxonomy":"product_cat","embeddable":true,"href":"https:\/\/www.3p-gmbh.de\/pt-br\/wp-json\/wp\/v2\/product_cat?post=91007"},{"taxonomy":"product_tag","embeddable":true,"href":"https:\/\/www.3p-gmbh.de\/pt-br\/wp-json\/wp\/v2\/product_tag?post=91007"}],"curies":[{"name":"wp","href":"https:\/\/api.w.org\/{rel}","templated":true}]}}