{"id":90999,"date":"2019-12-03T08:07:34","date_gmt":"2019-12-03T08:07:34","guid":{"rendered":"https:\/\/www.3p-gmbh.de\/produkt\/puncionadora-hidraulica-de-braco-oscilante-usm-dvsm-30\/"},"modified":"2019-12-03T08:07:34","modified_gmt":"2019-12-03T08:07:34","slug":"maquina-de-perfuracao-de-braco-oscilante-hidraulica-usm-dvsm-30","status":"publish","type":"product","link":"https:\/\/www.3p-gmbh.de\/pt-br\/produkt\/maquina-de-perfuracao-de-braco-oscilante-hidraulica-usm-dvsm-30\/","title":{"rendered":"Puncionadora hidr\u00e1ulica de bra\u00e7o oscilante USM DVSM-30"},"content":{"rendered":"<p>para carregamento manual de material e ferramentas, especialmente adequado para lotes mais pequenos ou pe\u00e7as de dimens\u00f5es mais reduzidas.<\/p>\n<p>Capacidade de press\u00e3o 250 KN<br \/>\nSuperf\u00edcie de perfura\u00e7\u00e3o aprox. 30 x 50 cm girat\u00f3ria<br \/>\nMesa de apoio aprox. 45 x 90 cm<br \/>\n380 volts<\/p>\n","protected":false},"excerpt":{"rendered":"<p>para carregamento manual de material e ferramentas, especialmente adequado para lotes mais pequenos ou pe\u00e7as de dimens\u00f5es mais reduzidas. Capacidade de press\u00e3o 250 KN Superf\u00edcie de perfura\u00e7\u00e3o aprox. 30 x 50 cm girat\u00f3ria Mesa de apoio aprox. 45 x 90 cm 380 volts<\/p>\n","protected":false},"featured_media":75762,"template":"","meta":[],"product_brand":[],"product_cat":[2906],"product_tag":[],"class_list":{"0":"post-90999","1":"product","2":"type-product","3":"status-publish","4":"has-post-thumbnail","6":"product_cat-perfuracao","7":"pa_hersteller-usm","9":"first","10":"instock","11":"taxable","12":"shipping-taxable","13":"purchasable","14":"product-type-simple"},"jetpack_sharing_enabled":true,"_links":{"self":[{"href":"https:\/\/www.3p-gmbh.de\/pt-br\/wp-json\/wp\/v2\/product\/90999","targetHints":{"allow":["GET"]}}],"collection":[{"href":"https:\/\/www.3p-gmbh.de\/pt-br\/wp-json\/wp\/v2\/product"}],"about":[{"href":"https:\/\/www.3p-gmbh.de\/pt-br\/wp-json\/wp\/v2\/types\/product"}],"wp:featuredmedia":[{"embeddable":true,"href":"https:\/\/www.3p-gmbh.de\/pt-br\/wp-json\/wp\/v2\/media\/75762"}],"wp:attachment":[{"href":"https:\/\/www.3p-gmbh.de\/pt-br\/wp-json\/wp\/v2\/media?parent=90999"}],"wp:term":[{"taxonomy":"product_brand","embeddable":true,"href":"https:\/\/www.3p-gmbh.de\/pt-br\/wp-json\/wp\/v2\/product_brand?post=90999"},{"taxonomy":"product_cat","embeddable":true,"href":"https:\/\/www.3p-gmbh.de\/pt-br\/wp-json\/wp\/v2\/product_cat?post=90999"},{"taxonomy":"product_tag","embeddable":true,"href":"https:\/\/www.3p-gmbh.de\/pt-br\/wp-json\/wp\/v2\/product_tag?post=90999"}],"curies":[{"name":"wp","href":"https:\/\/api.w.org\/{rel}","templated":true}]}}