{"id":90994,"date":"2019-12-03T09:40:56","date_gmt":"2019-12-03T09:40:56","guid":{"rendered":"https:\/\/www.3p-gmbh.de\/produkt\/baumann-bsw-p-bate-estacas\/"},"modified":"2019-12-03T09:40:56","modified_gmt":"2019-12-03T09:40:56","slug":"baumann-bsw-p-stack-turner","status":"publish","type":"product","link":"https:\/\/www.3p-gmbh.de\/pt-br\/produkt\/baumann-bsw-p-stack-turner\/","title":{"rendered":"Baumann BSW-P Bate-estacas"},"content":{"rendered":"<p>Dimens\u00f5es interiores da plataforma 850 x 1370 mm<br \/>\nm\u00e1ximo. Abertura 1345mm<br \/>\nmin. Abertura 620mm<br \/>\nPeso de empilhamento m\u00e1x. 1000 kg<\/p>\n<p>O manuseamento manual de papel, cart\u00e3o ou materiais semelhantes consome tempo e energia e, por conseguinte, \u00e9 muito dispendioso.<br \/>\nCom os revolvedores de estacas, \u00e9 poss\u00edvel realizar este trabalho de forma ergon\u00f3mica e econ\u00f3mica.<\/p>\n","protected":false},"excerpt":{"rendered":"<p>Dimens\u00f5es interiores da plataforma 850 x 1370 mm m\u00e1ximo. Abertura 1345mm min. Abertura 620mm Peso de empilhamento m\u00e1x. 1000 kg O manuseamento manual de papel, cart\u00e3o ou materiais semelhantes consome tempo e energia e, por conseguinte, \u00e9 muito dispendioso. Com os revolvedores de estacas, \u00e9 poss\u00edvel realizar este trabalho de forma ergon\u00f3mica e econ\u00f3mica.<\/p>\n","protected":false},"featured_media":75828,"template":"","meta":[],"product_brand":[],"product_cat":[2897],"product_tag":[],"class_list":{"0":"post-90994","1":"product","2":"type-product","3":"status-publish","4":"has-post-thumbnail","6":"product_cat-virador-de-estacas","7":"pa_hersteller-baumann","8":"pa_typ-bsw-p","10":"first","11":"instock","12":"taxable","13":"shipping-taxable","14":"purchasable","15":"product-type-simple"},"jetpack_sharing_enabled":true,"_links":{"self":[{"href":"https:\/\/www.3p-gmbh.de\/pt-br\/wp-json\/wp\/v2\/product\/90994","targetHints":{"allow":["GET"]}}],"collection":[{"href":"https:\/\/www.3p-gmbh.de\/pt-br\/wp-json\/wp\/v2\/product"}],"about":[{"href":"https:\/\/www.3p-gmbh.de\/pt-br\/wp-json\/wp\/v2\/types\/product"}],"wp:featuredmedia":[{"embeddable":true,"href":"https:\/\/www.3p-gmbh.de\/pt-br\/wp-json\/wp\/v2\/media\/75828"}],"wp:attachment":[{"href":"https:\/\/www.3p-gmbh.de\/pt-br\/wp-json\/wp\/v2\/media?parent=90994"}],"wp:term":[{"taxonomy":"product_brand","embeddable":true,"href":"https:\/\/www.3p-gmbh.de\/pt-br\/wp-json\/wp\/v2\/product_brand?post=90994"},{"taxonomy":"product_cat","embeddable":true,"href":"https:\/\/www.3p-gmbh.de\/pt-br\/wp-json\/wp\/v2\/product_cat?post=90994"},{"taxonomy":"product_tag","embeddable":true,"href":"https:\/\/www.3p-gmbh.de\/pt-br\/wp-json\/wp\/v2\/product_tag?post=90994"}],"curies":[{"name":"wp","href":"https:\/\/api.w.org\/{rel}","templated":true}]}}