{"id":90992,"date":"2019-12-03T09:31:33","date_gmt":"2019-12-03T09:31:33","guid":{"rendered":"https:\/\/www.3p-gmbh.de\/produkt\/baumann-bsw-3-1000-aum-aupasys-virador-de-estacas-programavel-totalmente-automatico-fixacao-automatica-de-paletes\/"},"modified":"2019-12-03T09:31:33","modified_gmt":"2019-12-03T09:31:33","slug":"baumann-bsw-3-1000-aum-aupasys-full-automatic-programmable-stack-turner-automatic-pallet-clamping","status":"publish","type":"product","link":"https:\/\/www.3p-gmbh.de\/pt-br\/produkt\/baumann-bsw-3-1000-aum-aupasys-full-automatic-programmable-stack-turner-automatic-pallet-clamping\/","title":{"rendered":"Baumann BSW 3-1000 AUM AUPASYS virador de estacas program\u00e1vel totalmente autom\u00e1tico (fixa\u00e7\u00e3o autom\u00e1tica de paletes)"},"content":{"rendered":"<p>O virador de pilha AUPASYS no formato 3b foi especialmente desenvolvido para satisfazer os requisitos de utiliza\u00e7\u00e3o de paletes de sistema com paragem autom\u00e1tica no alimentador e entrega.<\/p>\n<p>-sistema manual de carregamento e funcionamento a partir da frente<br \/>\n-Livre escolha de instala\u00e7\u00e3o (n\u00e3o \u00e9 necess\u00e1rio fosso), pode ser utilizado para o formato 3B<br \/>\n-paragem com fixa\u00e7\u00e3o autom\u00e1tica para a palete do sistema (formato 3B) para troca f\u00e1cil da palete de transporte pela palete do sistema antes de iniciar a impress\u00e3o<br \/>\n-R\u00e9gua lateral retr\u00e1til e extens\u00edvel para posicionamento centrado da pilha na palete do sistema<br \/>\n-sistema de ventila\u00e7\u00e3o refor\u00e7ado, com caixas de ventila\u00e7\u00e3o (regul\u00e1veis em fun\u00e7\u00e3o do formato)<br \/>\n-Dispositivo de vibra\u00e7\u00e3o<\/p>\n<p>Capacidade de carga: 1.000 kg<br \/>\nAltura de empilhamento incl. Palete de transporte: m\u00e1x. 1.700 mm e min. 775 mm Dimens\u00e3o m\u00e1xima do substrato: 740 x 1040 mm (1060 tamb\u00e9m deveria ser poss\u00edvel, mas ainda n\u00e3o estava dispon\u00edvel em 2004)<\/p>\n<p>NO. 800xx<\/p>\n<p>&nbsp;<\/p>\n<p><iframe loading=\"lazy\" title=\"Baumann Aupasys\" width=\"980\" height=\"735\" src=\"https:\/\/www.youtube.com\/embed\/236f6GUjC20?feature=oembed\" frameborder=\"0\" allow=\"accelerometer; autoplay; clipboard-write; encrypted-media; gyroscope; picture-in-picture; web-share\" allowfullscreen><\/iframe><\/p>\n","protected":false},"excerpt":{"rendered":"<p>O virador de pilha AUPASYS no formato 3b foi especialmente desenvolvido para satisfazer os requisitos de utiliza\u00e7\u00e3o de paletes de sistema com paragem autom\u00e1tica no alimentador e entrega. -sistema manual de carregamento e funcionamento a partir da frente -Livre escolha de instala\u00e7\u00e3o (n\u00e3o \u00e9 necess\u00e1rio fosso), pode ser utilizado para o formato 3B -paragem com [&hellip;]<\/p>\n","protected":false},"featured_media":75801,"template":"","meta":[],"product_brand":[],"product_cat":[2897],"product_tag":[],"class_list":{"0":"post-90992","1":"product","2":"type-product","3":"status-publish","4":"has-post-thumbnail","6":"product_cat-virador-de-estacas","7":"pa_hersteller-baumann","8":"pa_typ-bsw-3-1000-aum-aupasys","10":"first","11":"instock","12":"taxable","13":"shipping-taxable","14":"purchasable","15":"product-type-simple"},"jetpack_sharing_enabled":true,"_links":{"self":[{"href":"https:\/\/www.3p-gmbh.de\/pt-br\/wp-json\/wp\/v2\/product\/90992","targetHints":{"allow":["GET"]}}],"collection":[{"href":"https:\/\/www.3p-gmbh.de\/pt-br\/wp-json\/wp\/v2\/product"}],"about":[{"href":"https:\/\/www.3p-gmbh.de\/pt-br\/wp-json\/wp\/v2\/types\/product"}],"wp:featuredmedia":[{"embeddable":true,"href":"https:\/\/www.3p-gmbh.de\/pt-br\/wp-json\/wp\/v2\/media\/75801"}],"wp:attachment":[{"href":"https:\/\/www.3p-gmbh.de\/pt-br\/wp-json\/wp\/v2\/media?parent=90992"}],"wp:term":[{"taxonomy":"product_brand","embeddable":true,"href":"https:\/\/www.3p-gmbh.de\/pt-br\/wp-json\/wp\/v2\/product_brand?post=90992"},{"taxonomy":"product_cat","embeddable":true,"href":"https:\/\/www.3p-gmbh.de\/pt-br\/wp-json\/wp\/v2\/product_cat?post=90992"},{"taxonomy":"product_tag","embeddable":true,"href":"https:\/\/www.3p-gmbh.de\/pt-br\/wp-json\/wp\/v2\/product_tag?post=90992"}],"curies":[{"name":"wp","href":"https:\/\/api.w.org\/{rel}","templated":true}]}}