{"id":90984,"date":"2019-12-03T09:15:16","date_gmt":"2019-12-03T09:15:16","guid":{"rendered":"https:\/\/www.3p-gmbh.de\/produkt\/unidade-movel-de-dobragem-heidelberg-stahlfolder-buh-66-4-2-tes\/"},"modified":"2019-12-03T09:15:16","modified_gmt":"2019-12-03T09:15:16","slug":"heidelberg-steel-folder-buh-66-4-2-tes-mobile-folding-mill-2","status":"publish","type":"product","link":"https:\/\/www.3p-gmbh.de\/pt-br\/produkt\/heidelberg-steel-folder-buh-66-4-2-tes-mobile-folding-mill-2\/","title":{"rendered":"Unidade m\u00f3vel de dobragem Heidelberg Stahlfolder BUH 66-4 2.tes"},"content":{"rendered":"<p>Controlo MCT<br \/>\nV\u00e1rias subestruturas para alterar a altura da entrada (atualmente a entrada pode ser ajustada de aprox. 83-97 cm)<br \/>\nParagem da r\u00e9gua como FW 2<br \/>\n4 bolsos 66 cm de largura de entrada<br \/>\n2 sacos cegos<br \/>\nEixos de corte duplos a jusante com kit de eleva\u00e7\u00e3o (ferramentas conforme ilustrado)<\/p>\n","protected":false},"excerpt":{"rendered":"<p>Controlo MCT V\u00e1rias subestruturas para alterar a altura da entrada (atualmente a entrada pode ser ajustada de aprox. 83-97 cm) Paragem da r\u00e9gua como FW 2 4 bolsos 66 cm de largura de entrada 2 sacos cegos Eixos de corte duplos a jusante com kit de eleva\u00e7\u00e3o (ferramentas conforme ilustrado)<\/p>\n","protected":false},"featured_media":75777,"template":"","meta":[],"product_brand":[],"product_cat":[2912],"product_tag":[],"class_list":{"0":"post-90984","1":"product","2":"type-product","3":"status-publish","4":"has-post-thumbnail","6":"product_cat-unidades-de-dobragem","7":"pa_hersteller-heidelberg-stahlfolder","8":"pa_typ-buh-66-4","10":"first","11":"instock","12":"taxable","13":"shipping-taxable","14":"purchasable","15":"product-type-simple"},"jetpack_sharing_enabled":true,"_links":{"self":[{"href":"https:\/\/www.3p-gmbh.de\/pt-br\/wp-json\/wp\/v2\/product\/90984","targetHints":{"allow":["GET"]}}],"collection":[{"href":"https:\/\/www.3p-gmbh.de\/pt-br\/wp-json\/wp\/v2\/product"}],"about":[{"href":"https:\/\/www.3p-gmbh.de\/pt-br\/wp-json\/wp\/v2\/types\/product"}],"wp:featuredmedia":[{"embeddable":true,"href":"https:\/\/www.3p-gmbh.de\/pt-br\/wp-json\/wp\/v2\/media\/75777"}],"wp:attachment":[{"href":"https:\/\/www.3p-gmbh.de\/pt-br\/wp-json\/wp\/v2\/media?parent=90984"}],"wp:term":[{"taxonomy":"product_brand","embeddable":true,"href":"https:\/\/www.3p-gmbh.de\/pt-br\/wp-json\/wp\/v2\/product_brand?post=90984"},{"taxonomy":"product_cat","embeddable":true,"href":"https:\/\/www.3p-gmbh.de\/pt-br\/wp-json\/wp\/v2\/product_cat?post=90984"},{"taxonomy":"product_tag","embeddable":true,"href":"https:\/\/www.3p-gmbh.de\/pt-br\/wp-json\/wp\/v2\/product_tag?post=90984"}],"curies":[{"name":"wp","href":"https:\/\/api.w.org\/{rel}","templated":true}]}}