{"id":90979,"date":"2019-12-03T14:54:13","date_gmt":"2019-12-03T14:54:13","guid":{"rendered":"https:\/\/www.3p-gmbh.de\/produkt\/fuji-pt-r-4300-s-linha-completa-de-ctp-termica\/"},"modified":"2019-12-03T14:54:13","modified_gmt":"2019-12-03T14:54:13","slug":"linha-fuji-pt-r-4300-s-completa-termica-ctp","status":"publish","type":"product","link":"https:\/\/www.3p-gmbh.de\/pt-br\/produkt\/linha-fuji-pt-r-4300-s-completa-termica-ctp\/","title":{"rendered":"Fuji PT-R 4300 S Linha completa de CTP t\u00e9rmica"},"content":{"rendered":"<p>Fuji PT-R 4300 S com software fuji XMF sem PC !<br \/>\na partir de 2010<br \/>\n286 319 chapas expostas at\u00e9 \u00e0 data<br \/>\nao abrigo do contrato de servi\u00e7o completo da Fuji.<\/p>\n<p>Cesto para papel<br \/>\nCarregador de placa simples SA-L 4300II com 2 cassetes<\/p>\n<p>Impressora digital PT-R 4300S<br \/>\npun\u00e7\u00e3o interna &#8211; Heidelberg<br \/>\nCapacidade: 20 placas B2\/h<\/p>\n<p>Ponte<\/p>\n<p>Promotor Glunz &amp; Jensen Quartz III 85<\/p>\n<p>Stacker Advant PST 360.<\/p>\n<p>Documenta\u00e7\u00e3o completa<\/p>\n","protected":false},"excerpt":{"rendered":"<p>Fuji PT-R 4300 S com software fuji XMF sem PC ! a partir de 2010 286 319 chapas expostas at\u00e9 \u00e0 data ao abrigo do contrato de servi\u00e7o completo da Fuji. Cesto para papel Carregador de placa simples SA-L 4300II com 2 cassetes Impressora digital PT-R 4300S pun\u00e7\u00e3o interna &#8211; Heidelberg Capacidade: 20 placas B2\/h [&hellip;]<\/p>\n","protected":false},"featured_media":75870,"template":"","meta":[],"product_brand":[],"product_cat":[2865],"product_tag":[],"class_list":{"0":"post-90979","1":"product","2":"type-product","3":"status-publish","4":"has-post-thumbnail","6":"product_cat-sistemas-computadorizados-para-placas","7":"pa_hersteller-fuji","8":"pa_typ-pt-r-4300-s","10":"first","11":"instock","12":"taxable","13":"shipping-taxable","14":"purchasable","15":"product-type-simple"},"jetpack_sharing_enabled":true,"_links":{"self":[{"href":"https:\/\/www.3p-gmbh.de\/pt-br\/wp-json\/wp\/v2\/product\/90979","targetHints":{"allow":["GET"]}}],"collection":[{"href":"https:\/\/www.3p-gmbh.de\/pt-br\/wp-json\/wp\/v2\/product"}],"about":[{"href":"https:\/\/www.3p-gmbh.de\/pt-br\/wp-json\/wp\/v2\/types\/product"}],"wp:featuredmedia":[{"embeddable":true,"href":"https:\/\/www.3p-gmbh.de\/pt-br\/wp-json\/wp\/v2\/media\/75870"}],"wp:attachment":[{"href":"https:\/\/www.3p-gmbh.de\/pt-br\/wp-json\/wp\/v2\/media?parent=90979"}],"wp:term":[{"taxonomy":"product_brand","embeddable":true,"href":"https:\/\/www.3p-gmbh.de\/pt-br\/wp-json\/wp\/v2\/product_brand?post=90979"},{"taxonomy":"product_cat","embeddable":true,"href":"https:\/\/www.3p-gmbh.de\/pt-br\/wp-json\/wp\/v2\/product_cat?post=90979"},{"taxonomy":"product_tag","embeddable":true,"href":"https:\/\/www.3p-gmbh.de\/pt-br\/wp-json\/wp\/v2\/product_tag?post=90979"}],"curies":[{"name":"wp","href":"https:\/\/api.w.org\/{rel}","templated":true}]}}