{"id":90957,"date":"2019-07-11T13:59:21","date_gmt":"2019-07-11T13:59:21","guid":{"rendered":"https:\/\/www.3p-gmbh.de\/produkt\/ernst-nagel-citoborma-110-maquina-de-furar-papel-de-fuso-unico\/"},"modified":"2019-07-11T13:59:21","modified_gmt":"2019-07-11T13:59:21","slug":"maquina-de-perfuracao-de-papel-monofuso","status":"publish","type":"product","link":"https:\/\/www.3p-gmbh.de\/pt-br\/produkt\/maquina-de-perfuracao-de-papel-monofuso\/","title":{"rendered":"Ernst Nagel Citoborma 110 m\u00e1quina de furar papel de fuso \u00fanico"},"content":{"rendered":"<p>Constru\u00e7\u00e3o de p\u00f3rtico resistente \u00e0 tor\u00e7\u00e3o para precis\u00e3o e durabilidade<br \/>\nDesbloqueio manual atrav\u00e9s de alavanca<br \/>\nAltura de empilhamento 60mm<br \/>\nLargura de inser\u00e7\u00e3o 410 mm em mesa fixa com tabulador<br \/>\nCompensa\u00e7\u00e3o do comprimento da broca<br \/>\n1 di\u00e2metro do furo da cabe\u00e7a de perfura\u00e7\u00e3o 2-14 mm<br \/>\n\u00c1rea da base aprox. 800 x 580 mm<\/p>\n","protected":false},"excerpt":{"rendered":"<p>Constru\u00e7\u00e3o de p\u00f3rtico resistente \u00e0 tor\u00e7\u00e3o para precis\u00e3o e durabilidade Desbloqueio manual atrav\u00e9s de alavanca Altura de empilhamento 60mm Largura de inser\u00e7\u00e3o 410 mm em mesa fixa com tabulador Compensa\u00e7\u00e3o do comprimento da broca 1 di\u00e2metro do furo da cabe\u00e7a de perfura\u00e7\u00e3o 2-14 mm \u00c1rea da base aprox. 800 x 580 mm<\/p>\n","protected":false},"featured_media":69972,"template":"","meta":[],"product_brand":[],"product_cat":[2958],"product_tag":[],"class_list":{"0":"post-90957","1":"product","2":"type-product","3":"status-publish","4":"has-post-thumbnail","6":"product_cat-brocas-de-papel","7":"pa_hersteller-ernst-nagel","8":"pa_typ-citoborma-110","10":"first","11":"instock","12":"sold-individually","13":"taxable","14":"shipping-taxable","15":"purchasable","16":"product-type-simple"},"jetpack_sharing_enabled":true,"_links":{"self":[{"href":"https:\/\/www.3p-gmbh.de\/pt-br\/wp-json\/wp\/v2\/product\/90957","targetHints":{"allow":["GET"]}}],"collection":[{"href":"https:\/\/www.3p-gmbh.de\/pt-br\/wp-json\/wp\/v2\/product"}],"about":[{"href":"https:\/\/www.3p-gmbh.de\/pt-br\/wp-json\/wp\/v2\/types\/product"}],"wp:featuredmedia":[{"embeddable":true,"href":"https:\/\/www.3p-gmbh.de\/pt-br\/wp-json\/wp\/v2\/media\/69972"}],"wp:attachment":[{"href":"https:\/\/www.3p-gmbh.de\/pt-br\/wp-json\/wp\/v2\/media?parent=90957"}],"wp:term":[{"taxonomy":"product_brand","embeddable":true,"href":"https:\/\/www.3p-gmbh.de\/pt-br\/wp-json\/wp\/v2\/product_brand?post=90957"},{"taxonomy":"product_cat","embeddable":true,"href":"https:\/\/www.3p-gmbh.de\/pt-br\/wp-json\/wp\/v2\/product_cat?post=90957"},{"taxonomy":"product_tag","embeddable":true,"href":"https:\/\/www.3p-gmbh.de\/pt-br\/wp-json\/wp\/v2\/product_tag?post=90957"}],"curies":[{"name":"wp","href":"https:\/\/api.w.org\/{rel}","templated":true}]}}