{"id":90953,"date":"2019-07-11T13:59:21","date_gmt":"2019-07-11T13:59:21","guid":{"rendered":"https:\/\/www.3p-gmbh.de\/produkt\/carregador-automatico-baumann-bsb-3-l\/"},"modified":"2019-07-11T13:59:21","modified_gmt":"2019-07-11T13:59:21","slug":"maquina-de-venda-automatica-de-sapatos-2","status":"publish","type":"product","link":"https:\/\/www.3p-gmbh.de\/pt-br\/produkt\/maquina-de-venda-automatica-de-sapatos-2\/","title":{"rendered":"Carregador autom\u00e1tico Baumann BSB 3 L"},"content":{"rendered":"<p>Os pap\u00e9is problem\u00e1ticos, tais como papel met\u00e1lico, folhetos ou etiquetas, podem ser agitados f\u00e1cil e rapidamente.<\/p>\n<p>Equipamento:<br \/>\n&#8211; Prensagem sem aro da camada de corte<br \/>\n&#8211; Superf\u00edcie de mesa pneum\u00e1tica com uma aba lateral pneum\u00e1tica montada \u00e0 esquerda (\u00e9 poss\u00edvel a convers\u00e3o para a direita)<br \/>\n&#8211; Etapas de prensagem com alta press\u00e3o de prensagem, opera\u00e7\u00e3o com 2 m\u00e3os<br \/>\n&#8211; Formato 770 x 1070 mm<br \/>\n&#8211; M\u00e1ximo. Altura da camada 160 mm<\/p>\n","protected":false},"excerpt":{"rendered":"<p>Os pap\u00e9is problem\u00e1ticos, tais como papel met\u00e1lico, folhetos ou etiquetas, podem ser agitados f\u00e1cil e rapidamente. Equipamento: &#8211; Prensagem sem aro da camada de corte &#8211; Superf\u00edcie de mesa pneum\u00e1tica com uma aba lateral pneum\u00e1tica montada \u00e0 esquerda (\u00e9 poss\u00edvel a convers\u00e3o para a direita) &#8211; Etapas de prensagem com alta press\u00e3o de prensagem, opera\u00e7\u00e3o [&hellip;]<\/p>\n","protected":false},"featured_media":76548,"template":"","meta":[],"product_brand":[],"product_cat":[3069],"product_tag":[],"class_list":{"0":"post-90953","1":"product","2":"type-product","3":"status-publish","4":"has-post-thumbnail","6":"product_cat-mesas-vibratorias","7":"pa_baujahr-127","8":"pa_hersteller-baumann-wohlenberg","9":"pa_typ-bsb-3-l","11":"first","12":"instock","13":"sold-individually","14":"taxable","15":"shipping-taxable","16":"purchasable","17":"product-type-simple"},"jetpack_sharing_enabled":true,"_links":{"self":[{"href":"https:\/\/www.3p-gmbh.de\/pt-br\/wp-json\/wp\/v2\/product\/90953","targetHints":{"allow":["GET"]}}],"collection":[{"href":"https:\/\/www.3p-gmbh.de\/pt-br\/wp-json\/wp\/v2\/product"}],"about":[{"href":"https:\/\/www.3p-gmbh.de\/pt-br\/wp-json\/wp\/v2\/types\/product"}],"wp:featuredmedia":[{"embeddable":true,"href":"https:\/\/www.3p-gmbh.de\/pt-br\/wp-json\/wp\/v2\/media\/76548"}],"wp:attachment":[{"href":"https:\/\/www.3p-gmbh.de\/pt-br\/wp-json\/wp\/v2\/media?parent=90953"}],"wp:term":[{"taxonomy":"product_brand","embeddable":true,"href":"https:\/\/www.3p-gmbh.de\/pt-br\/wp-json\/wp\/v2\/product_brand?post=90953"},{"taxonomy":"product_cat","embeddable":true,"href":"https:\/\/www.3p-gmbh.de\/pt-br\/wp-json\/wp\/v2\/product_cat?post=90953"},{"taxonomy":"product_tag","embeddable":true,"href":"https:\/\/www.3p-gmbh.de\/pt-br\/wp-json\/wp\/v2\/product_tag?post=90953"}],"curies":[{"name":"wp","href":"https:\/\/api.w.org\/{rel}","templated":true}]}}