{"id":90943,"date":"2019-07-11T13:59:21","date_gmt":"2019-07-11T13:59:21","guid":{"rendered":"https:\/\/www.3p-gmbh.de\/produkt\/maquina-de-dobrar-e-vincar-com-barra-dupla-petratto-cordoba-3d\/"},"modified":"2019-07-11T13:59:21","modified_gmt":"2019-07-11T13:59:21","slug":"maquina-de-ranhurar-e-dobrar-de-barra-dupla","status":"publish","type":"product","link":"https:\/\/www.3p-gmbh.de\/pt-br\/produkt\/maquina-de-ranhurar-e-dobrar-de-barra-dupla\/","title":{"rendered":"M\u00e1quina de dobrar e vincar com barra dupla Petratto Cordoba 3D"},"content":{"rendered":"<p>com 2 ferramentas para vincar e bolso para dobrar a janela<br \/>\nVinco, colagem, dobragem<\/p>\n<p>A folha \u00e9 alimentada atrav\u00e9s de um alimentador de pilha plana para um alinhamento de correia inclinada e \u00e9 apanhada por rolos de alimenta\u00e7\u00e3o. O in\u00edcio da folha \u00e9 detectado por uma barreira luminosa. O vinco positivo e negativo ou a perfura\u00e7\u00e3o cruzada s\u00e3o efectuados numa s\u00f3 passagem atrav\u00e9s da massa introduzida no comando. Para a fixa\u00e7\u00e3o de abas em capas de brochuras, a cola pode agora ser aplicada por um bocal de hotmelt (op\u00e7\u00e3o). Em seguida, a folha \u00e9 transferida para uma dobradora especial com placa de fivela e dobrada nas zonas com vincos. O produto \u00e9 distribu\u00eddo num expositor de cinta de telha.<\/p>\n<p>Espessura do material 170 a 500 g\/m\u00b2<br \/>\nLargura da folha 150 a 520 mm<br \/>\nComprimento da folha 200 a 1.200 mm<br \/>\nAs dist\u00e2ncias de enrugamento s\u00e3o ajust\u00e1veis em passos de 0,1 mm<br \/>\nProdu\u00e7\u00e3o efectiva em formato A-4 com um vinco 12.500 folhas\/hora<\/p>\n","protected":false},"excerpt":{"rendered":"<p>com 2 ferramentas para vincar e bolso para dobrar a janela Vinco, colagem, dobragem A folha \u00e9 alimentada atrav\u00e9s de um alimentador de pilha plana para um alinhamento de correia inclinada e \u00e9 apanhada por rolos de alimenta\u00e7\u00e3o. O in\u00edcio da folha \u00e9 detectado por uma barreira luminosa. O vinco positivo e negativo ou a [&hellip;]<\/p>\n","protected":false},"featured_media":69930,"template":"","meta":[],"product_brand":[],"product_cat":[2979],"product_tag":[],"class_list":{"0":"post-90943","1":"product","2":"type-product","3":"status-publish","4":"has-post-thumbnail","6":"product_cat-maquinas-de-dobrar","7":"pa_baujahr-452","8":"pa_hersteller-petratto","9":"pa_typ-cordoba-3d","11":"first","12":"instock","13":"sold-individually","14":"taxable","15":"shipping-taxable","16":"purchasable","17":"product-type-simple"},"jetpack_sharing_enabled":true,"_links":{"self":[{"href":"https:\/\/www.3p-gmbh.de\/pt-br\/wp-json\/wp\/v2\/product\/90943","targetHints":{"allow":["GET"]}}],"collection":[{"href":"https:\/\/www.3p-gmbh.de\/pt-br\/wp-json\/wp\/v2\/product"}],"about":[{"href":"https:\/\/www.3p-gmbh.de\/pt-br\/wp-json\/wp\/v2\/types\/product"}],"wp:featuredmedia":[{"embeddable":true,"href":"https:\/\/www.3p-gmbh.de\/pt-br\/wp-json\/wp\/v2\/media\/69930"}],"wp:attachment":[{"href":"https:\/\/www.3p-gmbh.de\/pt-br\/wp-json\/wp\/v2\/media?parent=90943"}],"wp:term":[{"taxonomy":"product_brand","embeddable":true,"href":"https:\/\/www.3p-gmbh.de\/pt-br\/wp-json\/wp\/v2\/product_brand?post=90943"},{"taxonomy":"product_cat","embeddable":true,"href":"https:\/\/www.3p-gmbh.de\/pt-br\/wp-json\/wp\/v2\/product_cat?post=90943"},{"taxonomy":"product_tag","embeddable":true,"href":"https:\/\/www.3p-gmbh.de\/pt-br\/wp-json\/wp\/v2\/product_tag?post=90943"}],"curies":[{"name":"wp","href":"https:\/\/api.w.org\/{rel}","templated":true}]}}