{"id":90939,"date":"2019-07-11T13:59:31","date_gmt":"2019-07-11T13:59:31","guid":{"rendered":"https:\/\/www.3p-gmbh.de\/produkt\/agrafador-systemform-m-3000-separador-de-formularios\/"},"modified":"2019-07-11T13:59:31","modified_gmt":"2019-07-11T13:59:31","slug":"divisor-fromular","status":"publish","type":"product","link":"https:\/\/www.3p-gmbh.de\/pt-br\/produkt\/divisor-fromular\/","title":{"rendered":"Agrafador Systemform M-3000 Separador de formul\u00e1rios"},"content":{"rendered":"<p>A solu\u00e7\u00e3o econ\u00f3mica para o acabamento limpo de formul\u00e1rios cont\u00ednuos, mesmo com uma sa\u00edda de impressora mais pequena.<br \/>\nOpera\u00e7\u00e3o extremamente simples gra\u00e7as aos controlos claramente dispostos e \u00e0 sele\u00e7\u00e3o eletr\u00f3nica do formato, orienta\u00e7\u00e3o segura do papel atrav\u00e9s de tractores accionados e bot\u00e3o de paragem r\u00e1pida com armazenamento da fase de trabalho atual. Velocidade vari\u00e1vel at\u00e9 5.000 formul\u00e1rios em 12 por hora. Sele\u00e7\u00e3o do formato eletr\u00f3nico 4 -12<\/p>\n","protected":false},"excerpt":{"rendered":"<p>A solu\u00e7\u00e3o econ\u00f3mica para o acabamento limpo de formul\u00e1rios cont\u00ednuos, mesmo com uma sa\u00edda de impressora mais pequena. Opera\u00e7\u00e3o extremamente simples gra\u00e7as aos controlos claramente dispostos e \u00e0 sele\u00e7\u00e3o eletr\u00f3nica do formato, orienta\u00e7\u00e3o segura do papel atrav\u00e9s de tractores accionados e bot\u00e3o de paragem r\u00e1pida com armazenamento da fase de trabalho atual. Velocidade vari\u00e1vel at\u00e9 [&hellip;]<\/p>\n","protected":false},"featured_media":70155,"template":"","meta":[],"product_brand":[],"product_cat":[2891],"product_tag":[],"class_list":{"0":"post-90939","1":"product","2":"type-product","3":"status-publish","4":"has-post-thumbnail","6":"product_cat-outro-processamento-de-papel","7":"pa_baujahr-127","8":"pa_hersteller-hefter-systemform","9":"pa_typ-m-3000","11":"first","12":"instock","13":"sold-individually","14":"taxable","15":"shipping-taxable","16":"purchasable","17":"product-type-simple"},"jetpack_sharing_enabled":true,"_links":{"self":[{"href":"https:\/\/www.3p-gmbh.de\/pt-br\/wp-json\/wp\/v2\/product\/90939","targetHints":{"allow":["GET"]}}],"collection":[{"href":"https:\/\/www.3p-gmbh.de\/pt-br\/wp-json\/wp\/v2\/product"}],"about":[{"href":"https:\/\/www.3p-gmbh.de\/pt-br\/wp-json\/wp\/v2\/types\/product"}],"wp:featuredmedia":[{"embeddable":true,"href":"https:\/\/www.3p-gmbh.de\/pt-br\/wp-json\/wp\/v2\/media\/70155"}],"wp:attachment":[{"href":"https:\/\/www.3p-gmbh.de\/pt-br\/wp-json\/wp\/v2\/media?parent=90939"}],"wp:term":[{"taxonomy":"product_brand","embeddable":true,"href":"https:\/\/www.3p-gmbh.de\/pt-br\/wp-json\/wp\/v2\/product_brand?post=90939"},{"taxonomy":"product_cat","embeddable":true,"href":"https:\/\/www.3p-gmbh.de\/pt-br\/wp-json\/wp\/v2\/product_cat?post=90939"},{"taxonomy":"product_tag","embeddable":true,"href":"https:\/\/www.3p-gmbh.de\/pt-br\/wp-json\/wp\/v2\/product_tag?post=90939"}],"curies":[{"name":"wp","href":"https:\/\/api.w.org\/{rel}","templated":true}]}}