{"id":90936,"date":"2019-07-11T13:59:31","date_gmt":"2019-07-11T13:59:31","guid":{"rendered":"https:\/\/www.3p-gmbh.de\/produkt\/neopost-rena-608-s-enderecador-direto\/"},"modified":"2019-07-11T13:59:31","modified_gmt":"2019-07-11T13:59:31","slug":"destinatario-direto","status":"publish","type":"product","link":"https:\/\/www.3p-gmbh.de\/pt-br\/produkt\/destinatario-direto\/","title":{"rendered":"Neopost\/RENA 608 S Endere\u00e7ador direto"},"content":{"rendered":"<p>O endere\u00e7ador imprime envelopes, jornais ou revistas de forma r\u00e1pida e profissional com dados vari\u00e1veis.<br \/>\nCom a sua cabe\u00e7a de impress\u00e3o m\u00f3vel, atinge um m\u00e1ximo de \u00c1rea de impress\u00e3o de 235 mm em altura e 500 mm em largura.<br \/>\nCaracter\u00edsticas como a capacidade gr\u00e1fica, a impress\u00e3o de c\u00f3digos de barras, a utiliza\u00e7\u00e3o livre de 13 tipos de letra internos (podem ser carregados mais).<br \/>\ne a tecnologia de impress\u00e3o com resolu\u00e7\u00e3o de 600 x 600 ppp da HP garantem-lhe resultados de impress\u00e3o profissionais.<\/p>\n","protected":false},"excerpt":{"rendered":"<p>O endere\u00e7ador imprime envelopes, jornais ou revistas de forma r\u00e1pida e profissional com dados vari\u00e1veis. Com a sua cabe\u00e7a de impress\u00e3o m\u00f3vel, atinge um m\u00e1ximo de \u00c1rea de impress\u00e3o de 235 mm em altura e 500 mm em largura. Caracter\u00edsticas como a capacidade gr\u00e1fica, a impress\u00e3o de c\u00f3digos de barras, a utiliza\u00e7\u00e3o livre de 13 [&hellip;]<\/p>\n","protected":false},"featured_media":70161,"template":"","meta":[],"product_brand":[],"product_cat":[2968],"product_tag":[],"class_list":{"0":"post-90936","1":"product","2":"type-product","3":"status-publish","4":"has-post-thumbnail","6":"product_cat-sistemas-de-enderecamento-e-insercao","7":"pa_baujahr-140","8":"pa_hersteller-neopost-rena","9":"pa_typ-608-s-mit-transportband-358","11":"first","12":"instock","13":"sold-individually","14":"taxable","15":"shipping-taxable","16":"purchasable","17":"product-type-simple"},"jetpack_sharing_enabled":true,"_links":{"self":[{"href":"https:\/\/www.3p-gmbh.de\/pt-br\/wp-json\/wp\/v2\/product\/90936","targetHints":{"allow":["GET"]}}],"collection":[{"href":"https:\/\/www.3p-gmbh.de\/pt-br\/wp-json\/wp\/v2\/product"}],"about":[{"href":"https:\/\/www.3p-gmbh.de\/pt-br\/wp-json\/wp\/v2\/types\/product"}],"wp:featuredmedia":[{"embeddable":true,"href":"https:\/\/www.3p-gmbh.de\/pt-br\/wp-json\/wp\/v2\/media\/70161"}],"wp:attachment":[{"href":"https:\/\/www.3p-gmbh.de\/pt-br\/wp-json\/wp\/v2\/media?parent=90936"}],"wp:term":[{"taxonomy":"product_brand","embeddable":true,"href":"https:\/\/www.3p-gmbh.de\/pt-br\/wp-json\/wp\/v2\/product_brand?post=90936"},{"taxonomy":"product_cat","embeddable":true,"href":"https:\/\/www.3p-gmbh.de\/pt-br\/wp-json\/wp\/v2\/product_cat?post=90936"},{"taxonomy":"product_tag","embeddable":true,"href":"https:\/\/www.3p-gmbh.de\/pt-br\/wp-json\/wp\/v2\/product_tag?post=90936"}],"curies":[{"name":"wp","href":"https:\/\/api.w.org\/{rel}","templated":true}]}}