{"id":90925,"date":"2019-07-11T13:59:31","date_gmt":"2019-07-11T13:59:31","guid":{"rendered":"https:\/\/www.3p-gmbh.de\/produkt\/sistema-muller-martini-buhrs-cheshire\/"},"modified":"2019-07-11T13:59:31","modified_gmt":"2019-07-11T13:59:31","slug":"sistema-cheshire","status":"publish","type":"product","link":"https:\/\/www.3p-gmbh.de\/pt-br\/produkt\/sistema-cheshire\/","title":{"rendered":"Sistema Muller Martini\/Buhrs Cheshire"},"content":{"rendered":"<p>Alimentador de tambor de camada \u00fanica M\u00fcller Martini 286<br \/>\ncom alimenta\u00e7\u00e3o por pin\u00e7as e sistema Buhrs Variadress 213 Cheshire<\/p>\n","protected":false},"excerpt":{"rendered":"<p>Alimentador de tambor de camada \u00fanica M\u00fcller Martini 286 com alimenta\u00e7\u00e3o por pin\u00e7as e sistema Buhrs Variadress 213 Cheshire<\/p>\n","protected":false},"featured_media":70119,"template":"","meta":[],"product_brand":[],"product_cat":[2891],"product_tag":[],"class_list":{"0":"post-90925","1":"product","2":"type-product","3":"status-publish","4":"has-post-thumbnail","6":"product_cat-outro-processamento-de-papel","7":"pa_baujahr-976","8":"pa_hersteller-mueller-martini-buhrs","9":"pa_typ-martini-286-variadress-213","11":"first","12":"instock","13":"sold-individually","14":"taxable","15":"shipping-taxable","16":"purchasable","17":"product-type-simple"},"jetpack_sharing_enabled":true,"_links":{"self":[{"href":"https:\/\/www.3p-gmbh.de\/pt-br\/wp-json\/wp\/v2\/product\/90925","targetHints":{"allow":["GET"]}}],"collection":[{"href":"https:\/\/www.3p-gmbh.de\/pt-br\/wp-json\/wp\/v2\/product"}],"about":[{"href":"https:\/\/www.3p-gmbh.de\/pt-br\/wp-json\/wp\/v2\/types\/product"}],"wp:featuredmedia":[{"embeddable":true,"href":"https:\/\/www.3p-gmbh.de\/pt-br\/wp-json\/wp\/v2\/media\/70119"}],"wp:attachment":[{"href":"https:\/\/www.3p-gmbh.de\/pt-br\/wp-json\/wp\/v2\/media?parent=90925"}],"wp:term":[{"taxonomy":"product_brand","embeddable":true,"href":"https:\/\/www.3p-gmbh.de\/pt-br\/wp-json\/wp\/v2\/product_brand?post=90925"},{"taxonomy":"product_cat","embeddable":true,"href":"https:\/\/www.3p-gmbh.de\/pt-br\/wp-json\/wp\/v2\/product_cat?post=90925"},{"taxonomy":"product_tag","embeddable":true,"href":"https:\/\/www.3p-gmbh.de\/pt-br\/wp-json\/wp\/v2\/product_tag?post=90925"}],"curies":[{"name":"wp","href":"https:\/\/api.w.org\/{rel}","templated":true}]}}