{"id":90923,"date":"2019-07-11T13:59:31","date_gmt":"2019-07-11T13:59:31","guid":{"rendered":"https:\/\/www.3p-gmbh.de\/produkt\/ponche-de-ponte-winkler-duennebier\/"},"modified":"2019-07-11T13:59:31","modified_gmt":"2019-07-11T13:59:31","slug":"perfuracao-de-ponte","status":"publish","type":"product","link":"https:\/\/www.3p-gmbh.de\/pt-br\/produkt\/perfuracao-de-ponte\/","title":{"rendered":"Ponche de ponte Winkler + Duennebier"},"content":{"rendered":"<p>&#8211; Pun\u00e7\u00e3o de ponte com alimenta\u00e7\u00e3o de mesa<br \/>\n&#8211; For\u00e7a de perfura\u00e7\u00e3o de 60 tons<br \/>\n&#8211; Tamanho da mesa &gt; 70&#215;100 cm em produ\u00e7\u00e3o<\/p>\n","protected":false},"excerpt":{"rendered":"<p>&#8211; Pun\u00e7\u00e3o de ponte com alimenta\u00e7\u00e3o de mesa &#8211; For\u00e7a de perfura\u00e7\u00e3o de 60 tons &#8211; Tamanho da mesa &gt; 70&#215;100 cm em produ\u00e7\u00e3o<\/p>\n","protected":false},"featured_media":70098,"template":"","meta":[],"product_brand":[],"product_cat":[2906],"product_tag":[],"class_list":{"0":"post-90923","1":"product","2":"type-product","3":"status-publish","4":"has-post-thumbnail","6":"product_cat-perfuracao","7":"pa_baujahr-347","8":"pa_hersteller-winkler-duennebier","9":"pa_typ-brueckenstanze","11":"first","12":"instock","13":"sold-individually","14":"taxable","15":"shipping-taxable","16":"purchasable","17":"product-type-simple"},"jetpack_sharing_enabled":true,"_links":{"self":[{"href":"https:\/\/www.3p-gmbh.de\/pt-br\/wp-json\/wp\/v2\/product\/90923","targetHints":{"allow":["GET"]}}],"collection":[{"href":"https:\/\/www.3p-gmbh.de\/pt-br\/wp-json\/wp\/v2\/product"}],"about":[{"href":"https:\/\/www.3p-gmbh.de\/pt-br\/wp-json\/wp\/v2\/types\/product"}],"wp:featuredmedia":[{"embeddable":true,"href":"https:\/\/www.3p-gmbh.de\/pt-br\/wp-json\/wp\/v2\/media\/70098"}],"wp:attachment":[{"href":"https:\/\/www.3p-gmbh.de\/pt-br\/wp-json\/wp\/v2\/media?parent=90923"}],"wp:term":[{"taxonomy":"product_brand","embeddable":true,"href":"https:\/\/www.3p-gmbh.de\/pt-br\/wp-json\/wp\/v2\/product_brand?post=90923"},{"taxonomy":"product_cat","embeddable":true,"href":"https:\/\/www.3p-gmbh.de\/pt-br\/wp-json\/wp\/v2\/product_cat?post=90923"},{"taxonomy":"product_tag","embeddable":true,"href":"https:\/\/www.3p-gmbh.de\/pt-br\/wp-json\/wp\/v2\/product_tag?post=90923"}],"curies":[{"name":"wp","href":"https:\/\/api.w.org\/{rel}","templated":true}]}}