{"id":90909,"date":"2019-07-11T13:59:31","date_gmt":"2019-07-11T13:59:31","guid":{"rendered":"https:\/\/www.3p-gmbh.de\/produkt\/sistema-de-insercao-pfe-neopost-ds-100\/"},"modified":"2019-07-11T13:59:31","modified_gmt":"2019-07-11T13:59:31","slug":"maquina-de-envelopagem","status":"publish","type":"product","link":"https:\/\/www.3p-gmbh.de\/pt-br\/produkt\/maquina-de-envelopagem\/","title":{"rendered":"Sistema de inser\u00e7\u00e3o PFE\/Neopost DS-100"},"content":{"rendered":"<p>&#8211; M\u00e1quina de dobrar e encartar PFE Maximailer (constru\u00e7\u00e3o id\u00eantica \u00e0 Neopost DS-100)<br \/>\n&#8211; 6 esta\u00e7\u00f5es de C6 &#8211; C5<br \/>\n&#8211; Controlo atrav\u00e9s do ecr\u00e3<\/p>\n<p>Podem ser processados documentos at\u00e9 406 mm de comprimento a partir das esta\u00e7\u00f5es de alimenta\u00e7\u00e3o de folhas soltas,<br \/>\nenquanto a esta\u00e7\u00e3o de inser\u00e7\u00e3o opcional pode alimentar tal\u00f5es de tamanho de envelope, cart\u00f5es, envelopes de devolu\u00e7\u00e3o ou folhetos at\u00e9 4 mm de espessura. Com uma velocidade de at\u00e9 4.500 ciclos por hora, s\u00e3o processados envelopes DIN C6\/5 longos e C5<\/p>\n<p>Podem ser processados envelopes com uma espessura at\u00e9 6 mm.<\/p>\n","protected":false},"excerpt":{"rendered":"<p>&#8211; M\u00e1quina de dobrar e encartar PFE Maximailer (constru\u00e7\u00e3o id\u00eantica \u00e0 Neopost DS-100) &#8211; 6 esta\u00e7\u00f5es de C6 &#8211; C5 &#8211; Controlo atrav\u00e9s do ecr\u00e3 Podem ser processados documentos at\u00e9 406 mm de comprimento a partir das esta\u00e7\u00f5es de alimenta\u00e7\u00e3o de folhas soltas, enquanto a esta\u00e7\u00e3o de inser\u00e7\u00e3o opcional pode alimentar tal\u00f5es de tamanho de [&hellip;]<\/p>\n","protected":false},"featured_media":70077,"template":"","meta":[],"product_brand":[],"product_cat":[2968],"product_tag":[],"class_list":{"0":"post-90909","1":"product","2":"type-product","3":"status-publish","4":"has-post-thumbnail","6":"product_cat-sistemas-de-enderecamento-e-insercao","7":"pa_baujahr-168","8":"pa_hersteller-pfe-neopost","9":"pa_typ-maximailer-ds-100","11":"first","12":"instock","13":"sold-individually","14":"taxable","15":"shipping-taxable","16":"purchasable","17":"product-type-simple"},"jetpack_sharing_enabled":true,"_links":{"self":[{"href":"https:\/\/www.3p-gmbh.de\/pt-br\/wp-json\/wp\/v2\/product\/90909","targetHints":{"allow":["GET"]}}],"collection":[{"href":"https:\/\/www.3p-gmbh.de\/pt-br\/wp-json\/wp\/v2\/product"}],"about":[{"href":"https:\/\/www.3p-gmbh.de\/pt-br\/wp-json\/wp\/v2\/types\/product"}],"wp:featuredmedia":[{"embeddable":true,"href":"https:\/\/www.3p-gmbh.de\/pt-br\/wp-json\/wp\/v2\/media\/70077"}],"wp:attachment":[{"href":"https:\/\/www.3p-gmbh.de\/pt-br\/wp-json\/wp\/v2\/media?parent=90909"}],"wp:term":[{"taxonomy":"product_brand","embeddable":true,"href":"https:\/\/www.3p-gmbh.de\/pt-br\/wp-json\/wp\/v2\/product_brand?post=90909"},{"taxonomy":"product_cat","embeddable":true,"href":"https:\/\/www.3p-gmbh.de\/pt-br\/wp-json\/wp\/v2\/product_cat?post=90909"},{"taxonomy":"product_tag","embeddable":true,"href":"https:\/\/www.3p-gmbh.de\/pt-br\/wp-json\/wp\/v2\/product_tag?post=90909"}],"curies":[{"name":"wp","href":"https:\/\/api.w.org\/{rel}","templated":true}]}}