{"id":90908,"date":"2019-07-11T13:59:31","date_gmt":"2019-07-11T13:59:31","guid":{"rendered":"https:\/\/www.3p-gmbh.de\/produkt\/fusao-de-cola-quente-nordson-pc-3100-vista\/"},"modified":"2019-07-11T13:59:31","modified_gmt":"2019-07-11T13:59:31","slug":"maquina-de-aplicacao-de-cola-quente","status":"publish","type":"product","link":"https:\/\/www.3p-gmbh.de\/pt-br\/produkt\/maquina-de-aplicacao-de-cola-quente\/","title":{"rendered":"Fus\u00e3o de cola quente Nordson PC 3100 Vista"},"content":{"rendered":"<p>para a fus\u00e3o e transporte de adesivos termopl\u00e1sticos para uma grande variedade de aplica\u00e7\u00f5es, consistindo em:<br \/>\n-uma unidade de controlo de 4 ou 2 canais Glu Bind<br \/>\n-Mangueira para autom\u00f3vel de 60 cm<br \/>\n-disparador \u00f3tico<br \/>\n-Disparador de sabor<\/p>\n","protected":false},"excerpt":{"rendered":"<p>para a fus\u00e3o e transporte de adesivos termopl\u00e1sticos para uma grande variedade de aplica\u00e7\u00f5es, consistindo em: -uma unidade de controlo de 4 ou 2 canais Glu Bind -Mangueira para autom\u00f3vel de 60 cm -disparador \u00f3tico -Disparador de sabor<\/p>\n","protected":false},"featured_media":70011,"template":"","meta":[],"product_brand":[],"product_cat":[3109],"product_tag":[],"class_list":{"0":"post-90908","1":"product","2":"type-product","3":"status-publish","4":"has-post-thumbnail","6":"product_cat-coladeiras-de-caixas-dobraveis","7":"pa_hersteller-nordson","8":"pa_typ-vista-pc-3100-v","10":"first","11":"instock","12":"sold-individually","13":"taxable","14":"shipping-taxable","15":"purchasable","16":"product-type-simple"},"jetpack_sharing_enabled":true,"_links":{"self":[{"href":"https:\/\/www.3p-gmbh.de\/pt-br\/wp-json\/wp\/v2\/product\/90908","targetHints":{"allow":["GET"]}}],"collection":[{"href":"https:\/\/www.3p-gmbh.de\/pt-br\/wp-json\/wp\/v2\/product"}],"about":[{"href":"https:\/\/www.3p-gmbh.de\/pt-br\/wp-json\/wp\/v2\/types\/product"}],"wp:featuredmedia":[{"embeddable":true,"href":"https:\/\/www.3p-gmbh.de\/pt-br\/wp-json\/wp\/v2\/media\/70011"}],"wp:attachment":[{"href":"https:\/\/www.3p-gmbh.de\/pt-br\/wp-json\/wp\/v2\/media?parent=90908"}],"wp:term":[{"taxonomy":"product_brand","embeddable":true,"href":"https:\/\/www.3p-gmbh.de\/pt-br\/wp-json\/wp\/v2\/product_brand?post=90908"},{"taxonomy":"product_cat","embeddable":true,"href":"https:\/\/www.3p-gmbh.de\/pt-br\/wp-json\/wp\/v2\/product_cat?post=90908"},{"taxonomy":"product_tag","embeddable":true,"href":"https:\/\/www.3p-gmbh.de\/pt-br\/wp-json\/wp\/v2\/product_tag?post=90908"}],"curies":[{"name":"wp","href":"https:\/\/api.w.org\/{rel}","templated":true}]}}