{"id":90903,"date":"2019-07-11T13:59:31","date_gmt":"2019-07-11T13:59:31","guid":{"rendered":"https:\/\/www.3p-gmbh.de\/produkt\/maquina-de-laminacao-tuenkers-forward-1100\/"},"modified":"2019-07-11T13:59:31","modified_gmt":"2019-07-11T13:59:31","slug":"maquina-semi-automatica-de-laminacao-com-cola-a-frio","status":"publish","type":"product","link":"https:\/\/www.3p-gmbh.de\/pt-br\/produkt\/maquina-semi-automatica-de-laminacao-com-cola-a-frio\/","title":{"rendered":"M\u00e1quina de lamina\u00e7\u00e3o T\u00fcnkers Forward 1100"},"content":{"rendered":"<p>&#8211; M\u00e1quina semi-autom\u00e1tica de laminagem com cola fria T\u00fcnkers Vorw\u00e4rts 1100 com manta de transporte<br \/>\n&#8211; Ano de fabrico 1987<br \/>\n&#8211; para colar numerosos materiais, tais como papel, cart\u00e3o, tecido, couro, etc.<\/p>\n<p>A cola \u00e9 aplicada por baixo atrav\u00e9s de dois rolos de lat\u00e3o e pode ser ajustada com precis\u00e3o atrav\u00e9s de uma roda de escala.<br \/>\nAp\u00f3s a colagem, o material \u00e9 retirado \u00e0 m\u00e3o e colocado sobre o material de suporte.<\/p>\n<p>&#8211; Produ\u00e7\u00e3o at\u00e9 2000 Bg.\/hora<br \/>\n&#8211; Formato min. 210x296mm<br \/>\n&#8211; Formato m\u00e1ximo. 1100x1400mm<br \/>\n&#8211; Alimentador de pilha com barra de ar de suc\u00e7\u00e3o<br \/>\n&#8211; Rolos de lat\u00e3o<br \/>\n&#8211; Bacia de circula\u00e7\u00e3o de cola para cola quente em lat\u00e3o<br \/>\n&#8211; Remo\u00e7\u00e3o de 3m<br \/>\n&#8211; Esta\u00e7\u00e3o de lamina\u00e7\u00e3o pneum\u00e1tica (ar comprimido a ser fornecido pelo cliente)<br \/>\n&#8211; Correia de distribui\u00e7\u00e3o<\/p>\n","protected":false},"excerpt":{"rendered":"<p>&#8211; M\u00e1quina semi-autom\u00e1tica de laminagem com cola fria T\u00fcnkers Vorw\u00e4rts 1100 com manta de transporte &#8211; Ano de fabrico 1987 &#8211; para colar numerosos materiais, tais como papel, cart\u00e3o, tecido, couro, etc. A cola \u00e9 aplicada por baixo atrav\u00e9s de dois rolos de lat\u00e3o e pode ser ajustada com precis\u00e3o atrav\u00e9s de uma roda de [&hellip;]<\/p>\n","protected":false},"featured_media":70029,"template":"","meta":[],"product_brand":[],"product_cat":[2950],"product_tag":[],"class_list":{"0":"post-90903","1":"product","2":"type-product","3":"status-publish","4":"has-post-thumbnail","6":"product_cat-maquinas-de-laminagem","7":"pa_baujahr-221","8":"pa_hersteller-tuenkers-2","9":"pa_typ-vorwaerts-1100","11":"first","12":"instock","13":"sold-individually","14":"taxable","15":"shipping-taxable","16":"purchasable","17":"product-type-simple"},"jetpack_sharing_enabled":true,"_links":{"self":[{"href":"https:\/\/www.3p-gmbh.de\/pt-br\/wp-json\/wp\/v2\/product\/90903","targetHints":{"allow":["GET"]}}],"collection":[{"href":"https:\/\/www.3p-gmbh.de\/pt-br\/wp-json\/wp\/v2\/product"}],"about":[{"href":"https:\/\/www.3p-gmbh.de\/pt-br\/wp-json\/wp\/v2\/types\/product"}],"wp:featuredmedia":[{"embeddable":true,"href":"https:\/\/www.3p-gmbh.de\/pt-br\/wp-json\/wp\/v2\/media\/70029"}],"wp:attachment":[{"href":"https:\/\/www.3p-gmbh.de\/pt-br\/wp-json\/wp\/v2\/media?parent=90903"}],"wp:term":[{"taxonomy":"product_brand","embeddable":true,"href":"https:\/\/www.3p-gmbh.de\/pt-br\/wp-json\/wp\/v2\/product_brand?post=90903"},{"taxonomy":"product_cat","embeddable":true,"href":"https:\/\/www.3p-gmbh.de\/pt-br\/wp-json\/wp\/v2\/product_cat?post=90903"},{"taxonomy":"product_tag","embeddable":true,"href":"https:\/\/www.3p-gmbh.de\/pt-br\/wp-json\/wp\/v2\/product_tag?post=90903"}],"curies":[{"name":"wp","href":"https:\/\/api.w.org\/{rel}","templated":true}]}}