{"id":90900,"date":"2019-07-11T13:59:31","date_gmt":"2019-07-11T13:59:31","guid":{"rendered":"https:\/\/www.3p-gmbh.de\/produkt\/sistema-de-enderecamento-digital-rena-630\/"},"modified":"2019-07-11T13:59:31","modified_gmt":"2019-07-11T13:59:31","slug":"sistema-de-enderecamento-digital","status":"publish","type":"product","link":"https:\/\/www.3p-gmbh.de\/pt-br\/produkt\/sistema-de-enderecamento-digital\/","title":{"rendered":"Sistema de endere\u00e7amento digital Rena 630"},"content":{"rendered":"<p>&#8211; M\u00f3dulo de impress\u00e3o de alto desempenho com 2&#215;3 cabe\u00e7as de impress\u00e3o<br \/>\n&#8211; m\u00e1ximo. Altura de impress\u00e3o 508 mm e largura de impress\u00e3o 38 mm<br \/>\n&#8211; Secador por infravermelhos do tipo Lambda Powerdry B IR 2,7<br \/>\n&#8211; Regula\u00e7\u00e3o em altura infinitamente motorizada e resistente ao calor<br \/>\nTapete transportador KH-TB40, comprimento aprox. 150cm<\/p>\n","protected":false},"excerpt":{"rendered":"<p>&#8211; M\u00f3dulo de impress\u00e3o de alto desempenho com 2&#215;3 cabe\u00e7as de impress\u00e3o &#8211; m\u00e1ximo. Altura de impress\u00e3o 508 mm e largura de impress\u00e3o 38 mm &#8211; Secador por infravermelhos do tipo Lambda Powerdry B IR 2,7 &#8211; Regula\u00e7\u00e3o em altura infinitamente motorizada e resistente ao calor Tapete transportador KH-TB40, comprimento aprox. 150cm<\/p>\n","protected":false},"featured_media":70059,"template":"","meta":[],"product_brand":[],"product_cat":[2968],"product_tag":[],"class_list":{"0":"post-90900","1":"product","2":"type-product","3":"status-publish","4":"has-post-thumbnail","6":"product_cat-sistemas-de-enderecamento-e-insercao","7":"pa_baujahr-140","8":"pa_hersteller-rena","9":"pa_typ-digital-desktop-printer630","11":"first","12":"instock","13":"sold-individually","14":"taxable","15":"shipping-taxable","16":"purchasable","17":"product-type-simple"},"jetpack_sharing_enabled":true,"_links":{"self":[{"href":"https:\/\/www.3p-gmbh.de\/pt-br\/wp-json\/wp\/v2\/product\/90900","targetHints":{"allow":["GET"]}}],"collection":[{"href":"https:\/\/www.3p-gmbh.de\/pt-br\/wp-json\/wp\/v2\/product"}],"about":[{"href":"https:\/\/www.3p-gmbh.de\/pt-br\/wp-json\/wp\/v2\/types\/product"}],"wp:featuredmedia":[{"embeddable":true,"href":"https:\/\/www.3p-gmbh.de\/pt-br\/wp-json\/wp\/v2\/media\/70059"}],"wp:attachment":[{"href":"https:\/\/www.3p-gmbh.de\/pt-br\/wp-json\/wp\/v2\/media?parent=90900"}],"wp:term":[{"taxonomy":"product_brand","embeddable":true,"href":"https:\/\/www.3p-gmbh.de\/pt-br\/wp-json\/wp\/v2\/product_brand?post=90900"},{"taxonomy":"product_cat","embeddable":true,"href":"https:\/\/www.3p-gmbh.de\/pt-br\/wp-json\/wp\/v2\/product_cat?post=90900"},{"taxonomy":"product_tag","embeddable":true,"href":"https:\/\/www.3p-gmbh.de\/pt-br\/wp-json\/wp\/v2\/product_tag?post=90900"}],"curies":[{"name":"wp","href":"https:\/\/api.w.org\/{rel}","templated":true}]}}