{"id":90896,"date":"2019-07-11T13:59:38","date_gmt":"2019-07-11T13:59:38","guid":{"rendered":"https:\/\/www.3p-gmbh.de\/produkt\/bomba-de-vacuo-de-palhetas-rotativas-becker-kvt-3-140-2\/"},"modified":"2019-07-11T13:59:38","modified_gmt":"2019-07-11T13:59:38","slug":"bomba-de-vacuo-de-palhetas-rotativas","status":"publish","type":"product","link":"https:\/\/www.3p-gmbh.de\/pt-br\/produkt\/bomba-de-vacuo-de-palhetas-rotativas\/","title":{"rendered":"Bomba de v\u00e1cuo de palhetas rotativas Becker KVT 3.140"},"content":{"rendered":"<p>Bomba de v\u00e1cuo de palhetas rotativas Becker KVT 3.140<br \/>\ndesde o ano de constru\u00e7\u00e3o 2011, completamente revisto em junho-2014, desde ent\u00e3o em armaz\u00e9m<\/p>\n<p>&#8211; Bomba de v\u00e1cuo robusta e totalmente isenta de \u00f3leo<br \/>\n&#8211; com conce\u00e7\u00e3o simples, acionamento direto e apenas um eixo<br \/>\n&#8211; Garante a durabilidade e baixos custos de manuten\u00e7\u00e3o e funcionamento<br \/>\n&#8211; Filtros de aspira\u00e7\u00e3o e v\u00e1lvulas de regula\u00e7\u00e3o integrados<br \/>\n&#8211; Fixa\u00e7\u00e3o f\u00e1cil de acess\u00f3rios<br \/>\n&#8211; Prote\u00e7\u00e3o anticorrosiva opcional<br \/>\n&#8211; baixa emiss\u00e3o de ru\u00eddo<br \/>\n&#8211; Baixa emiss\u00e3o de calor<\/p>\n<p>Dados t\u00e9cnicos<br \/>\n&#8211; Frequ\u00eancia: 50\/60 Hz<br \/>\n&#8211; m\u00e1ximo. Velocidade de bombagem: 129\/154 m\u00b3\/h<br \/>\n&#8211; m\u00e1ximo. V\u00e1cuo: 100\/200 mbar abs.<br \/>\n&#8211; m\u00e1ximo. Pot\u00eancia do motor: 3,3 \/4,40 kW<\/p>\n","protected":false},"excerpt":{"rendered":"<p>Bomba de v\u00e1cuo de palhetas rotativas Becker KVT 3.140 desde o ano de constru\u00e7\u00e3o 2011, completamente revisto em junho-2014, desde ent\u00e3o em armaz\u00e9m &#8211; Bomba de v\u00e1cuo robusta e totalmente isenta de \u00f3leo &#8211; com conce\u00e7\u00e3o simples, acionamento direto e apenas um eixo &#8211; Garante a durabilidade e baixos custos de manuten\u00e7\u00e3o e funcionamento &#8211; [&hellip;]<\/p>\n","protected":false},"featured_media":70236,"template":"","meta":[],"product_brand":[],"product_cat":[2927],"product_tag":[],"class_list":{"0":"post-90896","1":"product","2":"type-product","3":"status-publish","4":"has-post-thumbnail","6":"product_cat-compressores-e-bombas-de-vacuo","7":"pa_baujahr-145","8":"pa_hersteller-becker","9":"pa_typ-kvt-3-140","11":"first","12":"instock","13":"sold-individually","14":"taxable","15":"shipping-taxable","16":"purchasable","17":"product-type-simple"},"jetpack_sharing_enabled":true,"_links":{"self":[{"href":"https:\/\/www.3p-gmbh.de\/pt-br\/wp-json\/wp\/v2\/product\/90896","targetHints":{"allow":["GET"]}}],"collection":[{"href":"https:\/\/www.3p-gmbh.de\/pt-br\/wp-json\/wp\/v2\/product"}],"about":[{"href":"https:\/\/www.3p-gmbh.de\/pt-br\/wp-json\/wp\/v2\/types\/product"}],"wp:featuredmedia":[{"embeddable":true,"href":"https:\/\/www.3p-gmbh.de\/pt-br\/wp-json\/wp\/v2\/media\/70236"}],"wp:attachment":[{"href":"https:\/\/www.3p-gmbh.de\/pt-br\/wp-json\/wp\/v2\/media?parent=90896"}],"wp:term":[{"taxonomy":"product_brand","embeddable":true,"href":"https:\/\/www.3p-gmbh.de\/pt-br\/wp-json\/wp\/v2\/product_brand?post=90896"},{"taxonomy":"product_cat","embeddable":true,"href":"https:\/\/www.3p-gmbh.de\/pt-br\/wp-json\/wp\/v2\/product_cat?post=90896"},{"taxonomy":"product_tag","embeddable":true,"href":"https:\/\/www.3p-gmbh.de\/pt-br\/wp-json\/wp\/v2\/product_tag?post=90896"}],"curies":[{"name":"wp","href":"https:\/\/api.w.org\/{rel}","templated":true}]}}