{"id":90892,"date":"2019-07-11T13:59:38","date_gmt":"2019-07-11T13:59:38","guid":{"rendered":"https:\/\/www.3p-gmbh.de\/produkt\/fotocopiadora-a-laser-barco-pcb\/"},"modified":"2019-07-11T13:59:38","modified_gmt":"2019-07-11T13:59:38","slug":"fotoplotadora-laser-para-pcb","status":"publish","type":"product","link":"https:\/\/www.3p-gmbh.de\/pt-br\/produkt\/fotoplotadora-laser-para-pcb\/","title":{"rendered":"Fotocopiadora a laser Barco PCB"},"content":{"rendered":"<p>Fotoplotadora a laser para PCB para fabrico de placas de circuitos impressos<br \/>\nMania Barco Esko Graphic Silver Writer com m\u00e1quina de desenvolvimento de PCB online Agfaline HT 86<br \/>\nAno de fabrico 2004<\/p>\n<p>Formato da pel\u00edcula: 813x711mm<br \/>\nResolu\u00e7\u00f5es dispon\u00edveis:<br \/>\npara tamanho real 2000, 2540, 4000, 5080, 8000, 10000, 10160, 16000 ppi<br \/>\ncom limita\u00e7\u00e3o da \u00e1rea de exposi\u00e7\u00e3o a (810x639mm) 20000, 20320 ppi<br \/>\ncom limita\u00e7\u00e3o da \u00e1rea de exposi\u00e7\u00e3o a (810x395mm) 25000 e 25400 ppi<br \/>\n1 magazine de filmes para 150 folhas<br \/>\nO laser \u00e9 dividido em 24 feixes, uma parcela de 4000ppi dura para o preenchimento normal do arco<br \/>\nEstrutura de dados aprox. 8 minutos, a 25400ppi aprox. 35 min.<\/p>\n<p>Powerrip PC (pr\u00e9-instalado, com placa de interface), este processa ficheiros DPF Barco<br \/>\nat\u00e9 25400ppi. A licen\u00e7a rip \u00e9 limitada no tempo e deve ser sempre renovada pelo fabricante.<br \/>\nser renovado.<\/p>\n","protected":false},"excerpt":{"rendered":"<p>Fotoplotadora a laser para PCB para fabrico de placas de circuitos impressos Mania Barco Esko Graphic Silver Writer com m\u00e1quina de desenvolvimento de PCB online Agfaline HT 86 Ano de fabrico 2004 Formato da pel\u00edcula: 813x711mm Resolu\u00e7\u00f5es dispon\u00edveis: para tamanho real 2000, 2540, 4000, 5080, 8000, 10000, 10160, 16000 ppi com limita\u00e7\u00e3o da \u00e1rea de [&hellip;]<\/p>\n","protected":false},"featured_media":70230,"template":"","meta":[],"product_brand":[],"product_cat":[2937],"product_tag":[],"class_list":{"0":"post-90892","1":"product","2":"type-product","3":"status-publish","4":"has-post-thumbnail","6":"product_cat-sistemas-de-revelacao-de-filmes","7":"pa_baujahr-198","8":"pa_hersteller-mania-barco-esko-graphic","9":"pa_typ-silver-writher","11":"first","12":"instock","13":"sold-individually","14":"taxable","15":"shipping-taxable","16":"purchasable","17":"product-type-simple"},"jetpack_sharing_enabled":true,"_links":{"self":[{"href":"https:\/\/www.3p-gmbh.de\/pt-br\/wp-json\/wp\/v2\/product\/90892","targetHints":{"allow":["GET"]}}],"collection":[{"href":"https:\/\/www.3p-gmbh.de\/pt-br\/wp-json\/wp\/v2\/product"}],"about":[{"href":"https:\/\/www.3p-gmbh.de\/pt-br\/wp-json\/wp\/v2\/types\/product"}],"wp:featuredmedia":[{"embeddable":true,"href":"https:\/\/www.3p-gmbh.de\/pt-br\/wp-json\/wp\/v2\/media\/70230"}],"wp:attachment":[{"href":"https:\/\/www.3p-gmbh.de\/pt-br\/wp-json\/wp\/v2\/media?parent=90892"}],"wp:term":[{"taxonomy":"product_brand","embeddable":true,"href":"https:\/\/www.3p-gmbh.de\/pt-br\/wp-json\/wp\/v2\/product_brand?post=90892"},{"taxonomy":"product_cat","embeddable":true,"href":"https:\/\/www.3p-gmbh.de\/pt-br\/wp-json\/wp\/v2\/product_cat?post=90892"},{"taxonomy":"product_tag","embeddable":true,"href":"https:\/\/www.3p-gmbh.de\/pt-br\/wp-json\/wp\/v2\/product_tag?post=90892"}],"curies":[{"name":"wp","href":"https:\/\/api.w.org\/{rel}","templated":true}]}}