{"id":90890,"date":"2019-07-11T13:59:38","date_gmt":"2019-07-11T13:59:38","guid":{"rendered":"https:\/\/www.3p-gmbh.de\/produkt\/rietschle-elmo-kta-80-1-bomba-de-vacuo-de-palhetas-rotativas\/"},"modified":"2019-07-11T13:59:38","modified_gmt":"2019-07-11T13:59:38","slug":"bomba-de-vacuo-de-pressao-de-palhetas-rotativas","status":"publish","type":"product","link":"https:\/\/www.3p-gmbh.de\/pt-br\/produkt\/bomba-de-vacuo-de-pressao-de-palhetas-rotativas\/","title":{"rendered":"Rietschle-Elmo KTA 80.1 Bomba de v\u00e1cuo de palhetas rotativas"},"content":{"rendered":"<p>&#8211; m\u00e1ximo. Volume de entrega 80 m3\/h<br \/>\n&#8211; m\u00e1ximo. Press\u00e3o \u00b1900 mbar rel.<br \/>\n&#8211; Duas bombas dispon\u00edveis (ano de constru\u00e7\u00e3o 2000 e 2002)<\/p>\n","protected":false},"excerpt":{"rendered":"<p>&#8211; m\u00e1ximo. Volume de entrega 80 m3\/h &#8211; m\u00e1ximo. Press\u00e3o \u00b1900 mbar rel. &#8211; Duas bombas dispon\u00edveis (ano de constru\u00e7\u00e3o 2000 e 2002)<\/p>\n","protected":false},"featured_media":70245,"template":"","meta":[],"product_brand":[],"product_cat":[2927],"product_tag":[],"class_list":{"0":"post-90890","1":"product","2":"type-product","3":"status-publish","4":"has-post-thumbnail","6":"product_cat-compressores-e-bombas-de-vacuo","7":"pa_baujahr-153","8":"pa_hersteller-rietschle-elmo","9":"pa_typ-kta-80-1","11":"first","12":"instock","13":"sold-individually","14":"taxable","15":"shipping-taxable","16":"purchasable","17":"product-type-simple"},"jetpack_sharing_enabled":true,"_links":{"self":[{"href":"https:\/\/www.3p-gmbh.de\/pt-br\/wp-json\/wp\/v2\/product\/90890","targetHints":{"allow":["GET"]}}],"collection":[{"href":"https:\/\/www.3p-gmbh.de\/pt-br\/wp-json\/wp\/v2\/product"}],"about":[{"href":"https:\/\/www.3p-gmbh.de\/pt-br\/wp-json\/wp\/v2\/types\/product"}],"wp:featuredmedia":[{"embeddable":true,"href":"https:\/\/www.3p-gmbh.de\/pt-br\/wp-json\/wp\/v2\/media\/70245"}],"wp:attachment":[{"href":"https:\/\/www.3p-gmbh.de\/pt-br\/wp-json\/wp\/v2\/media?parent=90890"}],"wp:term":[{"taxonomy":"product_brand","embeddable":true,"href":"https:\/\/www.3p-gmbh.de\/pt-br\/wp-json\/wp\/v2\/product_brand?post=90890"},{"taxonomy":"product_cat","embeddable":true,"href":"https:\/\/www.3p-gmbh.de\/pt-br\/wp-json\/wp\/v2\/product_cat?post=90890"},{"taxonomy":"product_tag","embeddable":true,"href":"https:\/\/www.3p-gmbh.de\/pt-br\/wp-json\/wp\/v2\/product_tag?post=90890"}],"curies":[{"name":"wp","href":"https:\/\/api.w.org\/{rel}","templated":true}]}}