{"id":90878,"date":"2019-07-11T13:59:38","date_gmt":"2019-07-11T13:59:38","guid":{"rendered":"https:\/\/www.3p-gmbh.de\/produkt\/bomba-de-vacuo-de-pressao-becker-dsk-4-25\/"},"modified":"2019-07-11T13:59:38","modified_gmt":"2019-07-11T13:59:38","slug":"bomba-de-vacuo-de-pressao","status":"publish","type":"product","link":"https:\/\/www.3p-gmbh.de\/pt-br\/produkt\/bomba-de-vacuo-de-pressao\/","title":{"rendered":"Bomba de v\u00e1cuo de press\u00e3o Becker DSK 4-25"},"content":{"rendered":"<p>0,6 bar &#8211; V\u00e1cuo\/press\u00e3o<br \/>\nCapacidade de aspira\u00e7\u00e3o 25 m3\/h<\/p>\n","protected":false},"excerpt":{"rendered":"<p>0,6 bar &#8211; V\u00e1cuo\/press\u00e3o Capacidade de aspira\u00e7\u00e3o 25 m3\/h<\/p>\n","protected":false},"featured_media":70209,"template":"","meta":[],"product_brand":[],"product_cat":[2927],"product_tag":[],"class_list":{"0":"post-90878","1":"product","2":"type-product","3":"status-publish","4":"has-post-thumbnail","6":"product_cat-compressores-e-bombas-de-vacuo","7":"pa_baujahr-155","8":"pa_hersteller-becker","9":"pa_typ-dsk-4-25","11":"first","12":"instock","13":"sold-individually","14":"taxable","15":"shipping-taxable","16":"purchasable","17":"product-type-simple"},"jetpack_sharing_enabled":true,"_links":{"self":[{"href":"https:\/\/www.3p-gmbh.de\/pt-br\/wp-json\/wp\/v2\/product\/90878","targetHints":{"allow":["GET"]}}],"collection":[{"href":"https:\/\/www.3p-gmbh.de\/pt-br\/wp-json\/wp\/v2\/product"}],"about":[{"href":"https:\/\/www.3p-gmbh.de\/pt-br\/wp-json\/wp\/v2\/types\/product"}],"wp:featuredmedia":[{"embeddable":true,"href":"https:\/\/www.3p-gmbh.de\/pt-br\/wp-json\/wp\/v2\/media\/70209"}],"wp:attachment":[{"href":"https:\/\/www.3p-gmbh.de\/pt-br\/wp-json\/wp\/v2\/media?parent=90878"}],"wp:term":[{"taxonomy":"product_brand","embeddable":true,"href":"https:\/\/www.3p-gmbh.de\/pt-br\/wp-json\/wp\/v2\/product_brand?post=90878"},{"taxonomy":"product_cat","embeddable":true,"href":"https:\/\/www.3p-gmbh.de\/pt-br\/wp-json\/wp\/v2\/product_cat?post=90878"},{"taxonomy":"product_tag","embeddable":true,"href":"https:\/\/www.3p-gmbh.de\/pt-br\/wp-json\/wp\/v2\/product_tag?post=90878"}],"curies":[{"name":"wp","href":"https:\/\/api.w.org\/{rel}","templated":true}]}}