{"id":90858,"date":"2019-07-11T13:59:42","date_gmt":"2019-07-11T13:59:42","guid":{"rendered":"https:\/\/www.3p-gmbh.de\/produkt\/kaercher-550-xl-bat\/"},"modified":"2019-07-11T13:59:42","modified_gmt":"2019-07-11T13:59:42","slug":"maquina-automatica-de-limpeza-de-pavimentos","status":"publish","type":"product","link":"https:\/\/www.3p-gmbh.de\/pt-br\/produkt\/maquina-automatica-de-limpeza-de-pavimentos\/","title":{"rendered":"K\u00e4rcher 550 XL Bat"},"content":{"rendered":"<p>Lavadora-secadora manual a pilhas com tecnologia de rolos para limpeza b\u00e1sica, para limpeza h\u00famida,<br \/>\nLimpeza de manuten\u00e7\u00e3o e polimento de pavimentos planos at\u00e9 1900m\u00b2\/h.&#8221;<\/p>\n<p>Necessidade de energia 220Volt 50Hz<\/p>\n","protected":false},"excerpt":{"rendered":"<p>Lavadora-secadora manual a pilhas com tecnologia de rolos para limpeza b\u00e1sica, para limpeza h\u00famida, Limpeza de manuten\u00e7\u00e3o e polimento de pavimentos planos at\u00e9 1900m\u00b2\/h.&#8221; Necessidade de energia 220Volt 50Hz<\/p>\n","protected":false},"featured_media":77673,"template":"","meta":[],"product_brand":[],"product_cat":[2923],"product_tag":[],"class_list":{"0":"post-90858","1":"product","2":"type-product","3":"status-publish","4":"has-post-thumbnail","6":"product_cat-tecnologia-de-armazenamento","7":"pa_hersteller-kaercher","8":"pa_typ-550-xl-bat","10":"first","11":"instock","12":"sold-individually","13":"taxable","14":"shipping-taxable","15":"purchasable","16":"product-type-simple"},"jetpack_sharing_enabled":true,"_links":{"self":[{"href":"https:\/\/www.3p-gmbh.de\/pt-br\/wp-json\/wp\/v2\/product\/90858","targetHints":{"allow":["GET"]}}],"collection":[{"href":"https:\/\/www.3p-gmbh.de\/pt-br\/wp-json\/wp\/v2\/product"}],"about":[{"href":"https:\/\/www.3p-gmbh.de\/pt-br\/wp-json\/wp\/v2\/types\/product"}],"wp:featuredmedia":[{"embeddable":true,"href":"https:\/\/www.3p-gmbh.de\/pt-br\/wp-json\/wp\/v2\/media\/77673"}],"wp:attachment":[{"href":"https:\/\/www.3p-gmbh.de\/pt-br\/wp-json\/wp\/v2\/media?parent=90858"}],"wp:term":[{"taxonomy":"product_brand","embeddable":true,"href":"https:\/\/www.3p-gmbh.de\/pt-br\/wp-json\/wp\/v2\/product_brand?post=90858"},{"taxonomy":"product_cat","embeddable":true,"href":"https:\/\/www.3p-gmbh.de\/pt-br\/wp-json\/wp\/v2\/product_cat?post=90858"},{"taxonomy":"product_tag","embeddable":true,"href":"https:\/\/www.3p-gmbh.de\/pt-br\/wp-json\/wp\/v2\/product_tag?post=90858"}],"curies":[{"name":"wp","href":"https:\/\/api.w.org\/{rel}","templated":true}]}}