{"id":90851,"date":"2019-07-11T13:59:42","date_gmt":"2019-07-11T13:59:42","guid":{"rendered":"https:\/\/www.3p-gmbh.de\/produkt\/bomba-de-vacuo-de-palhetas-rotativas-becker-kvt-3-140-2\/"},"modified":"2019-07-11T13:59:42","modified_gmt":"2019-07-11T13:59:42","slug":"bomba-de-vacuo-de-palheta-rotativa-de-funcionamento-a-seco","status":"publish","type":"product","link":"https:\/\/www.3p-gmbh.de\/pt-br\/produkt\/bomba-de-vacuo-de-palheta-rotativa-de-funcionamento-a-seco\/","title":{"rendered":"Bomba de v\u00e1cuo de palhetas rotativas Becker KVT 3.140"},"content":{"rendered":"<p>m\u00e1ximo. Volume de aspira\u00e7\u00e3o 132  [m3\/h]<br \/>\nm\u00e1ximo. Press\u00e3o de aspira\u00e7\u00e3o \u00b1 100  [mbar rel.]<br \/>\nMotor 3,3 KW<\/p>\n","protected":false},"excerpt":{"rendered":"<p>m\u00e1ximo. Volume de aspira\u00e7\u00e3o 132 [m3\/h] m\u00e1ximo. Press\u00e3o de aspira\u00e7\u00e3o \u00b1 100 [mbar rel.] Motor 3,3 KW<\/p>\n","protected":false},"featured_media":70266,"template":"","meta":[],"product_brand":[],"product_cat":[2927],"product_tag":[],"class_list":{"0":"post-90851","1":"product","2":"type-product","3":"status-publish","4":"has-post-thumbnail","6":"product_cat-compressores-e-bombas-de-vacuo","7":"pa_baujahr-127","8":"pa_hersteller-becker","9":"pa_typ-kvt-3-140","11":"first","12":"instock","13":"sold-individually","14":"taxable","15":"shipping-taxable","16":"purchasable","17":"product-type-simple"},"jetpack_sharing_enabled":true,"_links":{"self":[{"href":"https:\/\/www.3p-gmbh.de\/pt-br\/wp-json\/wp\/v2\/product\/90851","targetHints":{"allow":["GET"]}}],"collection":[{"href":"https:\/\/www.3p-gmbh.de\/pt-br\/wp-json\/wp\/v2\/product"}],"about":[{"href":"https:\/\/www.3p-gmbh.de\/pt-br\/wp-json\/wp\/v2\/types\/product"}],"wp:featuredmedia":[{"embeddable":true,"href":"https:\/\/www.3p-gmbh.de\/pt-br\/wp-json\/wp\/v2\/media\/70266"}],"wp:attachment":[{"href":"https:\/\/www.3p-gmbh.de\/pt-br\/wp-json\/wp\/v2\/media?parent=90851"}],"wp:term":[{"taxonomy":"product_brand","embeddable":true,"href":"https:\/\/www.3p-gmbh.de\/pt-br\/wp-json\/wp\/v2\/product_brand?post=90851"},{"taxonomy":"product_cat","embeddable":true,"href":"https:\/\/www.3p-gmbh.de\/pt-br\/wp-json\/wp\/v2\/product_cat?post=90851"},{"taxonomy":"product_tag","embeddable":true,"href":"https:\/\/www.3p-gmbh.de\/pt-br\/wp-json\/wp\/v2\/product_tag?post=90851"}],"curies":[{"name":"wp","href":"https:\/\/api.w.org\/{rel}","templated":true}]}}