{"id":90838,"date":"2019-07-11T13:59:46","date_gmt":"2019-07-11T13:59:46","guid":{"rendered":"https:\/\/www.3p-gmbh.de\/produkt\/unidade-de-compressao-mark-msm\/"},"modified":"2019-07-11T13:59:46","modified_gmt":"2019-07-11T13:59:46","slug":"unidade-de-compressor","status":"publish","type":"product","link":"https:\/\/www.3p-gmbh.de\/pt-br\/produkt\/unidade-de-compressor\/","title":{"rendered":"Unidade de compress\u00e3o Mark MSM"},"content":{"rendered":"<p>Sistema de ar comprimido constitu\u00eddo por compressor com subestrutura de caldeira de 200 ltr.<br \/>\nMARK MSM 2,2 KW Dmini<br \/>\nBj. 2006, apenas 2818 horas<br \/>\nPot\u00eancia 10 bar<br \/>\nadicional Unidade de secagem por refrigera\u00e7\u00e3o<br \/>\nadicional Caldeira, 250 Ltr. a partir de 2013<\/p>\n","protected":false},"excerpt":{"rendered":"<p>Sistema de ar comprimido constitu\u00eddo por compressor com subestrutura de caldeira de 200 ltr. MARK MSM 2,2 KW Dmini Bj. 2006, apenas 2818 horas Pot\u00eancia 10 bar adicional Unidade de secagem por refrigera\u00e7\u00e3o adicional Caldeira, 250 Ltr. a partir de 2013<\/p>\n","protected":false},"featured_media":70386,"template":"","meta":[],"product_brand":[],"product_cat":[2927],"product_tag":[],"class_list":{"0":"post-90838","1":"product","2":"type-product","3":"status-publish","4":"has-post-thumbnail","6":"product_cat-compressores-e-bombas-de-vacuo","7":"pa_baujahr-140","8":"pa_hersteller-mark","9":"pa_typ-msm-2-2-kw-dmini","11":"first","12":"instock","13":"sold-individually","14":"taxable","15":"shipping-taxable","16":"purchasable","17":"product-type-simple"},"jetpack_sharing_enabled":true,"_links":{"self":[{"href":"https:\/\/www.3p-gmbh.de\/pt-br\/wp-json\/wp\/v2\/product\/90838","targetHints":{"allow":["GET"]}}],"collection":[{"href":"https:\/\/www.3p-gmbh.de\/pt-br\/wp-json\/wp\/v2\/product"}],"about":[{"href":"https:\/\/www.3p-gmbh.de\/pt-br\/wp-json\/wp\/v2\/types\/product"}],"wp:featuredmedia":[{"embeddable":true,"href":"https:\/\/www.3p-gmbh.de\/pt-br\/wp-json\/wp\/v2\/media\/70386"}],"wp:attachment":[{"href":"https:\/\/www.3p-gmbh.de\/pt-br\/wp-json\/wp\/v2\/media?parent=90838"}],"wp:term":[{"taxonomy":"product_brand","embeddable":true,"href":"https:\/\/www.3p-gmbh.de\/pt-br\/wp-json\/wp\/v2\/product_brand?post=90838"},{"taxonomy":"product_cat","embeddable":true,"href":"https:\/\/www.3p-gmbh.de\/pt-br\/wp-json\/wp\/v2\/product_cat?post=90838"},{"taxonomy":"product_tag","embeddable":true,"href":"https:\/\/www.3p-gmbh.de\/pt-br\/wp-json\/wp\/v2\/product_tag?post=90838"}],"curies":[{"name":"wp","href":"https:\/\/api.w.org\/{rel}","templated":true}]}}