{"id":90836,"date":"2019-07-11T13:59:46","date_gmt":"2019-07-11T13:59:46","guid":{"rendered":"https:\/\/www.3p-gmbh.de\/produkt\/becker-dvt-3-80-compressor-de-pressao-e-vacuo\/"},"modified":"2019-07-11T13:59:46","modified_gmt":"2019-07-11T13:59:46","slug":"compressor-de-pressao-e-vacuo-2","status":"publish","type":"product","link":"https:\/\/www.3p-gmbh.de\/pt-br\/produkt\/compressor-de-pressao-e-vacuo-2\/","title":{"rendered":"Becker DVT 3.80 Compressor de press\u00e3o e v\u00e1cuo"},"content":{"rendered":"<p>Caudal vol\u00famico 70 metros c\u00fabicos\/h<br \/>\n6 Barras<\/p>\n","protected":false},"excerpt":{"rendered":"<p>Caudal vol\u00famico 70 metros c\u00fabicos\/h 6 Barras<\/p>\n","protected":false},"featured_media":70389,"template":"","meta":[],"product_brand":[],"product_cat":[2927],"product_tag":[],"class_list":{"0":"post-90836","1":"product","2":"type-product","3":"status-publish","4":"has-post-thumbnail","6":"product_cat-compressores-e-bombas-de-vacuo","7":"pa_baujahr-326","8":"pa_hersteller-becker","9":"pa_typ-dvt-3-80","11":"first","12":"instock","13":"sold-individually","14":"taxable","15":"shipping-taxable","16":"purchasable","17":"product-type-simple"},"jetpack_sharing_enabled":true,"_links":{"self":[{"href":"https:\/\/www.3p-gmbh.de\/pt-br\/wp-json\/wp\/v2\/product\/90836","targetHints":{"allow":["GET"]}}],"collection":[{"href":"https:\/\/www.3p-gmbh.de\/pt-br\/wp-json\/wp\/v2\/product"}],"about":[{"href":"https:\/\/www.3p-gmbh.de\/pt-br\/wp-json\/wp\/v2\/types\/product"}],"wp:featuredmedia":[{"embeddable":true,"href":"https:\/\/www.3p-gmbh.de\/pt-br\/wp-json\/wp\/v2\/media\/70389"}],"wp:attachment":[{"href":"https:\/\/www.3p-gmbh.de\/pt-br\/wp-json\/wp\/v2\/media?parent=90836"}],"wp:term":[{"taxonomy":"product_brand","embeddable":true,"href":"https:\/\/www.3p-gmbh.de\/pt-br\/wp-json\/wp\/v2\/product_brand?post=90836"},{"taxonomy":"product_cat","embeddable":true,"href":"https:\/\/www.3p-gmbh.de\/pt-br\/wp-json\/wp\/v2\/product_cat?post=90836"},{"taxonomy":"product_tag","embeddable":true,"href":"https:\/\/www.3p-gmbh.de\/pt-br\/wp-json\/wp\/v2\/product_tag?post=90836"}],"curies":[{"name":"wp","href":"https:\/\/api.w.org\/{rel}","templated":true}]}}