{"id":90833,"date":"2019-07-11T13:59:46","date_gmt":"2019-07-11T13:59:46","guid":{"rendered":"https:\/\/www.3p-gmbh.de\/produkt\/compressor-de-pressao-e-vacuo-ehrler-beck-dvt-3-80\/"},"modified":"2019-07-11T13:59:46","modified_gmt":"2019-07-11T13:59:46","slug":"compressor-de-pressao-e-vacuo","status":"publish","type":"product","link":"https:\/\/www.3p-gmbh.de\/pt-br\/produkt\/compressor-de-pressao-e-vacuo\/","title":{"rendered":"Compressor de press\u00e3o e v\u00e1cuo Ehrler &amp; Beck DVT 3.80"},"content":{"rendered":"<p>&#8211; Caudal vol\u00famico 80 metros c\u00fabicos\/h<br \/>\n&#8211; 6 Barras<br \/>\n&#8211; 4 KW<\/p>\n","protected":false},"excerpt":{"rendered":"<p>&#8211; Caudal vol\u00famico 80 metros c\u00fabicos\/h &#8211; 6 Barras &#8211; 4 KW<\/p>\n","protected":false},"featured_media":70380,"template":"","meta":[],"product_brand":[],"product_cat":[2927],"product_tag":[],"class_list":{"0":"post-90833","1":"product","2":"type-product","3":"status-publish","4":"has-post-thumbnail","6":"product_cat-compressores-e-bombas-de-vacuo","7":"pa_baujahr-198","8":"pa_hersteller-ehrler-beck","9":"pa_typ-dvt-3-80","11":"first","12":"instock","13":"sold-individually","14":"taxable","15":"shipping-taxable","16":"purchasable","17":"product-type-simple"},"jetpack_sharing_enabled":true,"_links":{"self":[{"href":"https:\/\/www.3p-gmbh.de\/pt-br\/wp-json\/wp\/v2\/product\/90833","targetHints":{"allow":["GET"]}}],"collection":[{"href":"https:\/\/www.3p-gmbh.de\/pt-br\/wp-json\/wp\/v2\/product"}],"about":[{"href":"https:\/\/www.3p-gmbh.de\/pt-br\/wp-json\/wp\/v2\/types\/product"}],"wp:featuredmedia":[{"embeddable":true,"href":"https:\/\/www.3p-gmbh.de\/pt-br\/wp-json\/wp\/v2\/media\/70380"}],"wp:attachment":[{"href":"https:\/\/www.3p-gmbh.de\/pt-br\/wp-json\/wp\/v2\/media?parent=90833"}],"wp:term":[{"taxonomy":"product_brand","embeddable":true,"href":"https:\/\/www.3p-gmbh.de\/pt-br\/wp-json\/wp\/v2\/product_brand?post=90833"},{"taxonomy":"product_cat","embeddable":true,"href":"https:\/\/www.3p-gmbh.de\/pt-br\/wp-json\/wp\/v2\/product_cat?post=90833"},{"taxonomy":"product_tag","embeddable":true,"href":"https:\/\/www.3p-gmbh.de\/pt-br\/wp-json\/wp\/v2\/product_tag?post=90833"}],"curies":[{"name":"wp","href":"https:\/\/api.w.org\/{rel}","templated":true}]}}