{"id":90819,"date":"2019-07-11T13:59:46","date_gmt":"2019-07-11T13:59:46","guid":{"rendered":"https:\/\/www.3p-gmbh.de\/produkt\/empilhadeira-eletrica-retratil-jungheinrich-etv-214-ac\/"},"modified":"2019-07-11T13:59:46","modified_gmt":"2019-07-11T13:59:46","slug":"empilhador-eletrico-com-mastro-retratil","status":"publish","type":"product","link":"https:\/\/www.3p-gmbh.de\/pt-br\/produkt\/empilhador-eletrico-com-mastro-retratil\/","title":{"rendered":"Empilhadeira el\u00e9trica retr\u00e1til Jungheinrich ETV 214 AC"},"content":{"rendered":"<p>Hor\u00e1rio de funcionamento: 8248<br \/>\nm\u00e1ximo. Altura de eleva\u00e7\u00e3o 5300mm<br \/>\nDesloca\u00e7\u00e3o lateral com sistema hidr\u00e1ulico auxiliar ZH 1, capacidade de carga<br \/>\nCapacidade de eleva\u00e7\u00e3o 1400 kg<br \/>\nComprimento do garfo 115cm com extens\u00f5es de garfo de encaixe<br \/>\nDire\u00e7\u00e3o el\u00e9ctrica de 180\u00b0<br \/>\nsolo Alavanca de controlo do piloto para funcionamento hidr\u00e1ulico<br \/>\nBateria 48 V 560 Ah com Aquamatik, carregador 48V 70 A<br \/>\nPeso pr\u00f3prio aprox. 3500 kg<\/p>\n","protected":false},"excerpt":{"rendered":"<p>Hor\u00e1rio de funcionamento: 8248 m\u00e1ximo. Altura de eleva\u00e7\u00e3o 5300mm Desloca\u00e7\u00e3o lateral com sistema hidr\u00e1ulico auxiliar ZH 1, capacidade de carga Capacidade de eleva\u00e7\u00e3o 1400 kg Comprimento do garfo 115cm com extens\u00f5es de garfo de encaixe Dire\u00e7\u00e3o el\u00e9ctrica de 180\u00b0 solo Alavanca de controlo do piloto para funcionamento hidr\u00e1ulico Bateria 48 V 560 Ah com Aquamatik, [&hellip;]<\/p>\n","protected":false},"featured_media":70350,"template":"","meta":[],"product_brand":[],"product_cat":[2860],"product_tag":[],"class_list":{"0":"post-90819","1":"product","2":"type-product","3":"status-publish","4":"has-post-thumbnail","6":"product_cat-camioes-industriais","7":"pa_baujahr-153","8":"pa_hersteller-jungheinrich","9":"pa_typ-etv-214-ac","11":"first","12":"instock","13":"sold-individually","14":"taxable","15":"shipping-taxable","16":"purchasable","17":"product-type-simple"},"jetpack_sharing_enabled":true,"_links":{"self":[{"href":"https:\/\/www.3p-gmbh.de\/pt-br\/wp-json\/wp\/v2\/product\/90819","targetHints":{"allow":["GET"]}}],"collection":[{"href":"https:\/\/www.3p-gmbh.de\/pt-br\/wp-json\/wp\/v2\/product"}],"about":[{"href":"https:\/\/www.3p-gmbh.de\/pt-br\/wp-json\/wp\/v2\/types\/product"}],"wp:featuredmedia":[{"embeddable":true,"href":"https:\/\/www.3p-gmbh.de\/pt-br\/wp-json\/wp\/v2\/media\/70350"}],"wp:attachment":[{"href":"https:\/\/www.3p-gmbh.de\/pt-br\/wp-json\/wp\/v2\/media?parent=90819"}],"wp:term":[{"taxonomy":"product_brand","embeddable":true,"href":"https:\/\/www.3p-gmbh.de\/pt-br\/wp-json\/wp\/v2\/product_brand?post=90819"},{"taxonomy":"product_cat","embeddable":true,"href":"https:\/\/www.3p-gmbh.de\/pt-br\/wp-json\/wp\/v2\/product_cat?post=90819"},{"taxonomy":"product_tag","embeddable":true,"href":"https:\/\/www.3p-gmbh.de\/pt-br\/wp-json\/wp\/v2\/product_tag?post=90819"}],"curies":[{"name":"wp","href":"https:\/\/api.w.org\/{rel}","templated":true}]}}