{"id":90814,"date":"2019-09-27T10:43:08","date_gmt":"2019-09-27T10:43:08","guid":{"rendered":"https:\/\/www.3p-gmbh.de\/produkt\/sistema-ctp-uv-luescher-xpose-230\/"},"modified":"2019-09-27T10:43:08","modified_gmt":"2019-09-27T10:43:08","slug":"luescher-expose-230-uv-ctp-system","status":"publish","type":"product","link":"https:\/\/www.3p-gmbh.de\/pt-br\/produkt\/luescher-expose-230-uv-ctp-system\/","title":{"rendered":"Sistema CtP UV L\u00fcscher XPose 230"},"content":{"rendered":"<ul>\n<li>L\u00fcscher XPose 230 UV + PHS e TiFF Shooter incl. Hardware inform\u00e1tico para chapas offset e chapas flexogr\u00e1ficas de lavagem \u00e0 base de \u00e1gua<\/li>\n<li>D\u00edodos UV de 405 nm para chapas de impress\u00e3o offset convencionais e pel\u00edculas diaz\u00f3icas, bem como chapas de revestimento da Mac Dermid (as telas rotativas da Gallus, Kocher + Beck e Stork tamb\u00e9m podem ser expostas com UV de 405 nm sem qualquer problema<\/li>\n<li>Os d\u00edodos laser de 375 nm s\u00e3o utilizados para a exposi\u00e7\u00e3o direta de chapas de impress\u00e3o flexogr\u00e1fica lav\u00e1veis com \u00e1gua ou de chapas de impress\u00e3o tipogr\u00e1fica convencionais sem camada LAMS<\/li>\n<li>32 d\u00edodos de lase com 375 nm para chapas de impress\u00e3o flexogr\u00e1fica de lavagem \u00e0 base de \u00e1gua<\/li>\n<li>16 d\u00edodos laser de 405 nm<\/li>\n<li>Pun\u00e7\u00e3o em linha para Bacher 2000 Autoplate 780 mm e 425 m<\/li>\n<li>contador de placas: 58.736 matr\u00edculas<\/li>\n<li>Tempo de laser: 4.030 horas<\/li>\n<li>sliprint revolutions: 30894729<\/li>\n<li>Sistema de manuseamento de placas L\u00fcscher PHS 230 com cinco magazines de placas (tamb\u00e9m pode ser omitido a pedido)<\/li>\n<li>Mesa de transporte Glunz &amp; Jensen IP 66<\/li>\n<li>Processador de chapas offset AGFA Elantrix DX 85 com dois rolos de escova, ano de fabrico 2017<\/li>\n<\/ul>\n","protected":false},"excerpt":{"rendered":"<p>L\u00fcscher XPose 230 UV + PHS e TiFF Shooter incl. Hardware inform\u00e1tico para chapas offset e chapas flexogr\u00e1ficas de lavagem \u00e0 base de \u00e1gua D\u00edodos UV de 405 nm para chapas de impress\u00e3o offset convencionais e pel\u00edculas diaz\u00f3icas, bem como chapas de revestimento da Mac Dermid (as telas rotativas da Gallus, Kocher + Beck e [&hellip;]<\/p>\n","protected":false},"featured_media":71559,"template":"","meta":[],"product_brand":[],"product_cat":[2865],"product_tag":[],"class_list":{"0":"post-90814","1":"product","2":"type-product","3":"status-publish","4":"has-post-thumbnail","6":"product_cat-sistemas-computadorizados-para-placas","7":"pa_baujahr-137","8":"pa_hersteller-luescher-ag","9":"pa_typ-xpose-230-uv","11":"first","12":"instock","13":"taxable","14":"shipping-taxable","15":"purchasable","16":"product-type-simple"},"jetpack_sharing_enabled":true,"_links":{"self":[{"href":"https:\/\/www.3p-gmbh.de\/pt-br\/wp-json\/wp\/v2\/product\/90814","targetHints":{"allow":["GET"]}}],"collection":[{"href":"https:\/\/www.3p-gmbh.de\/pt-br\/wp-json\/wp\/v2\/product"}],"about":[{"href":"https:\/\/www.3p-gmbh.de\/pt-br\/wp-json\/wp\/v2\/types\/product"}],"wp:featuredmedia":[{"embeddable":true,"href":"https:\/\/www.3p-gmbh.de\/pt-br\/wp-json\/wp\/v2\/media\/71559"}],"wp:attachment":[{"href":"https:\/\/www.3p-gmbh.de\/pt-br\/wp-json\/wp\/v2\/media?parent=90814"}],"wp:term":[{"taxonomy":"product_brand","embeddable":true,"href":"https:\/\/www.3p-gmbh.de\/pt-br\/wp-json\/wp\/v2\/product_brand?post=90814"},{"taxonomy":"product_cat","embeddable":true,"href":"https:\/\/www.3p-gmbh.de\/pt-br\/wp-json\/wp\/v2\/product_cat?post=90814"},{"taxonomy":"product_tag","embeddable":true,"href":"https:\/\/www.3p-gmbh.de\/pt-br\/wp-json\/wp\/v2\/product_tag?post=90814"}],"curies":[{"name":"wp","href":"https:\/\/api.w.org\/{rel}","templated":true}]}}