{"id":90807,"date":"2019-10-11T09:54:03","date_gmt":"2019-10-11T09:54:03","guid":{"rendered":"https:\/\/www.3p-gmbh.de\/produkt\/inseridor-de-tiras-vacuumatic-cuti-2\/"},"modified":"2019-10-11T09:54:03","modified_gmt":"2019-10-11T09:54:03","slug":"conjunto-de-insercao-de-fita-cuti-2-vazio","status":"publish","type":"product","link":"https:\/\/www.3p-gmbh.de\/pt-br\/produkt\/conjunto-de-insercao-de-fita-cuti-2-vazio\/","title":{"rendered":"Inseridor de tiras Vacuumatic Cuti 2"},"content":{"rendered":"<ul>\n<li>imprimir &#8211; contar &#8211; subdividir<\/li>\n<li>com liga\u00e7\u00e3o el\u00e9ctrica \u00e0 m\u00e1quina de impress\u00e3o<\/li>\n<li>Introdu\u00e7\u00e3o simples da quantidade de contagem desejada com teclado e ecr\u00e3<\/li>\n<li>com 600 mm de comprimento de conduta<\/li>\n<li>Altura do encaixe regul\u00e1vel at\u00e9 150 cm<\/li>\n<li>Comprimento da tira ajust\u00e1vel de aprox. 10 a 20 cm<\/li>\n<li>contagem de 6 a 9999 folhas<\/li>\n<li>Velocidade de contagem at\u00e9 25.000 Bg.\/h<\/li>\n<li>el\u00e9trico. Liga\u00e7\u00e3o 230 V<\/li>\n<\/ul>\n","protected":false},"excerpt":{"rendered":"<p>imprimir &#8211; contar &#8211; subdividir com liga\u00e7\u00e3o el\u00e9ctrica \u00e0 m\u00e1quina de impress\u00e3o Introdu\u00e7\u00e3o simples da quantidade de contagem desejada com teclado e ecr\u00e3 com 600 mm de comprimento de conduta Altura do encaixe regul\u00e1vel at\u00e9 150 cm Comprimento da tira ajust\u00e1vel de aprox. 10 a 20 cm contagem de 6 a 9999 folhas Velocidade de [&hellip;]<\/p>\n","protected":false},"featured_media":71667,"template":"","meta":[],"product_brand":[],"product_cat":[3001],"product_tag":[],"class_list":{"0":"post-90807","1":"product","2":"type-product","3":"status-publish","4":"has-post-thumbnail","6":"product_cat-maquinas-de-contagem-de-papel","7":"pa_bezeichnung_typ-cuti-2","8":"pa_hersteller-vacumatic","10":"first","11":"instock","12":"taxable","13":"shipping-taxable","14":"purchasable","15":"product-type-simple"},"jetpack_sharing_enabled":true,"_links":{"self":[{"href":"https:\/\/www.3p-gmbh.de\/pt-br\/wp-json\/wp\/v2\/product\/90807","targetHints":{"allow":["GET"]}}],"collection":[{"href":"https:\/\/www.3p-gmbh.de\/pt-br\/wp-json\/wp\/v2\/product"}],"about":[{"href":"https:\/\/www.3p-gmbh.de\/pt-br\/wp-json\/wp\/v2\/types\/product"}],"wp:featuredmedia":[{"embeddable":true,"href":"https:\/\/www.3p-gmbh.de\/pt-br\/wp-json\/wp\/v2\/media\/71667"}],"wp:attachment":[{"href":"https:\/\/www.3p-gmbh.de\/pt-br\/wp-json\/wp\/v2\/media?parent=90807"}],"wp:term":[{"taxonomy":"product_brand","embeddable":true,"href":"https:\/\/www.3p-gmbh.de\/pt-br\/wp-json\/wp\/v2\/product_brand?post=90807"},{"taxonomy":"product_cat","embeddable":true,"href":"https:\/\/www.3p-gmbh.de\/pt-br\/wp-json\/wp\/v2\/product_cat?post=90807"},{"taxonomy":"product_tag","embeddable":true,"href":"https:\/\/www.3p-gmbh.de\/pt-br\/wp-json\/wp\/v2\/product_tag?post=90807"}],"curies":[{"name":"wp","href":"https:\/\/api.w.org\/{rel}","templated":true}]}}