{"id":90797,"date":"2019-10-11T10:09:31","date_gmt":"2019-10-11T10:09:31","guid":{"rendered":"https:\/\/www.3p-gmbh.de\/produkt\/puncionadora-electrica-de-fio-o-renz-dtp-340\/"},"modified":"2019-10-11T10:09:31","modified_gmt":"2019-10-11T10:09:31","slug":"renz-dtp-340-maquina-electrica-de-perfuracao-de-fios","status":"publish","type":"product","link":"https:\/\/www.3p-gmbh.de\/pt-br\/produkt\/renz-dtp-340-maquina-electrica-de-perfuracao-de-fios\/","title":{"rendered":"Puncionadora el\u00e9ctrica de fio-O Renz DTP 340"},"content":{"rendered":"<ul>\n<li>para perfura\u00e7\u00e3o de calend\u00e1rio com uma ferramenta de perfura\u00e7\u00e3o de passo 3:1, furo redondo de 4 mm<\/li>\n<li>Sistema de perfura\u00e7\u00e3o potente para perfurar e picotar papel at\u00e9 340 mm de largura de trabalho<\/li>\n<li>Com interrutor de p\u00e9 e alimenta\u00e7\u00e3o de papel vertical<\/li>\n<li>Capacidade de perfura\u00e7\u00e3o at\u00e9 35 folhas (dependendo da ferramenta)<\/li>\n<li>Aplic\u00e1vel universalmente devido a ferramentas rapidamente substitu\u00edveis<\/li>\n<li>Largura de trabalho: 340 mm (at\u00e9 680 mm devido ao eixo de perfura\u00e7\u00e3o aberto lateralmente, com duas passagens de perfura\u00e7\u00e3o)<\/li>\n<li>Espessura de perfura\u00e7\u00e3o: m\u00e1x. 3,5 mm<\/li>\n<li>ferramentas intermut\u00e1veis<\/li>\n<li>Mudan\u00e7a r\u00e1pida de formato gra\u00e7as aos pun\u00e7\u00f5es amov\u00edveis<\/li>\n<li>dist\u00e2ncia entre bordos ajust\u00e1vel<\/li>\n<\/ul>\n","protected":false},"excerpt":{"rendered":"<p>para perfura\u00e7\u00e3o de calend\u00e1rio com uma ferramenta de perfura\u00e7\u00e3o de passo 3:1, furo redondo de 4 mm Sistema de perfura\u00e7\u00e3o potente para perfurar e picotar papel at\u00e9 340 mm de largura de trabalho Com interrutor de p\u00e9 e alimenta\u00e7\u00e3o de papel vertical Capacidade de perfura\u00e7\u00e3o at\u00e9 35 folhas (dependendo da ferramenta) Aplic\u00e1vel universalmente devido a [&hellip;]<\/p>\n","protected":false},"featured_media":71694,"template":"","meta":[],"product_brand":[],"product_cat":[2906],"product_tag":[],"class_list":{"0":"post-90797","1":"product","2":"type-product","3":"status-publish","4":"has-post-thumbnail","6":"product_cat-perfuracao","7":"pa_bezeichnung_typ-dtp-340","8":"pa_hersteller-chr-renz-heubach","10":"first","11":"instock","12":"taxable","13":"shipping-taxable","14":"purchasable","15":"product-type-simple"},"jetpack_sharing_enabled":true,"_links":{"self":[{"href":"https:\/\/www.3p-gmbh.de\/pt-br\/wp-json\/wp\/v2\/product\/90797","targetHints":{"allow":["GET"]}}],"collection":[{"href":"https:\/\/www.3p-gmbh.de\/pt-br\/wp-json\/wp\/v2\/product"}],"about":[{"href":"https:\/\/www.3p-gmbh.de\/pt-br\/wp-json\/wp\/v2\/types\/product"}],"wp:featuredmedia":[{"embeddable":true,"href":"https:\/\/www.3p-gmbh.de\/pt-br\/wp-json\/wp\/v2\/media\/71694"}],"wp:attachment":[{"href":"https:\/\/www.3p-gmbh.de\/pt-br\/wp-json\/wp\/v2\/media?parent=90797"}],"wp:term":[{"taxonomy":"product_brand","embeddable":true,"href":"https:\/\/www.3p-gmbh.de\/pt-br\/wp-json\/wp\/v2\/product_brand?post=90797"},{"taxonomy":"product_cat","embeddable":true,"href":"https:\/\/www.3p-gmbh.de\/pt-br\/wp-json\/wp\/v2\/product_cat?post=90797"},{"taxonomy":"product_tag","embeddable":true,"href":"https:\/\/www.3p-gmbh.de\/pt-br\/wp-json\/wp\/v2\/product_tag?post=90797"}],"curies":[{"name":"wp","href":"https:\/\/api.w.org\/{rel}","templated":true}]}}