{"id":90781,"date":"2019-10-15T13:47:34","date_gmt":"2019-10-15T13:47:34","guid":{"rendered":"https:\/\/www.3p-gmbh.de\/produkt\/vibradores-muero-st-arch-stand\/"},"modified":"2019-10-15T13:47:34","modified_gmt":"2019-10-15T13:47:34","slug":"muero-st-arch-stand-ruettler","status":"publish","type":"product","link":"https:\/\/www.3p-gmbh.de\/pt-br\/produkt\/muero-st-arch-stand-ruettler\/","title":{"rendered":"Vibradores M\u00fcro ST Arch Stand"},"content":{"rendered":"<ul>\n<li>m\u00f3vel<\/li>\n<li>com interrutor de p\u00e9 para ligar\/desligar e inclina\u00e7\u00e3o regul\u00e1vel<\/li>\n<li>para arquivar e alisar conjuntos de formul\u00e1rios agrupados e camadas de brochuras, bem como folhas impressas<\/li>\n<li>For\u00e7a de vibra\u00e7\u00e3o ajust\u00e1vel atrav\u00e9s de uma porca de desequil\u00edbrio ajust\u00e1vel no eixo do motor<\/li>\n<li>Velocidade ajust\u00e1vel do motor, rota\u00e7\u00e3o para a esquerda ou para a direita para um ajuste fino da for\u00e7a de agita\u00e7\u00e3o<\/li>\n<li>Cassete de agita\u00e7\u00e3o inclin\u00e1vel at\u00e9 45\u00b0<\/li>\n<li>Formato utiliz\u00e1vel: 46&#215;68<\/li>\n<li>Altura da cassete: 10 cm<\/li>\n<li>Dimens\u00f5es exteriores: 45 x 45 cm<\/li>\n<li>Altura: 75 &#8211; 95 cm, vari\u00e1vel<\/li>\n<li>Liga\u00e7\u00e3o: 230 V AC com interrutor de p\u00e9 para ON\/OFF<\/li>\n<\/ul>\n","protected":false},"excerpt":{"rendered":"<p>m\u00f3vel com interrutor de p\u00e9 para ligar\/desligar e inclina\u00e7\u00e3o regul\u00e1vel para arquivar e alisar conjuntos de formul\u00e1rios agrupados e camadas de brochuras, bem como folhas impressas For\u00e7a de vibra\u00e7\u00e3o ajust\u00e1vel atrav\u00e9s de uma porca de desequil\u00edbrio ajust\u00e1vel no eixo do motor Velocidade ajust\u00e1vel do motor, rota\u00e7\u00e3o para a esquerda ou para a direita para um [&hellip;]<\/p>\n","protected":false},"featured_media":71901,"template":"","meta":[],"product_brand":[],"product_cat":[3069],"product_tag":[],"class_list":{"0":"post-90781","1":"product","2":"type-product","3":"status-publish","4":"has-post-thumbnail","6":"product_cat-mesas-vibratorias","7":"pa_hersteller-muero","8":"pa_typ-st-46x68","10":"first","11":"instock","12":"taxable","13":"shipping-taxable","14":"purchasable","15":"product-type-simple"},"jetpack_sharing_enabled":true,"_links":{"self":[{"href":"https:\/\/www.3p-gmbh.de\/pt-br\/wp-json\/wp\/v2\/product\/90781","targetHints":{"allow":["GET"]}}],"collection":[{"href":"https:\/\/www.3p-gmbh.de\/pt-br\/wp-json\/wp\/v2\/product"}],"about":[{"href":"https:\/\/www.3p-gmbh.de\/pt-br\/wp-json\/wp\/v2\/types\/product"}],"wp:featuredmedia":[{"embeddable":true,"href":"https:\/\/www.3p-gmbh.de\/pt-br\/wp-json\/wp\/v2\/media\/71901"}],"wp:attachment":[{"href":"https:\/\/www.3p-gmbh.de\/pt-br\/wp-json\/wp\/v2\/media?parent=90781"}],"wp:term":[{"taxonomy":"product_brand","embeddable":true,"href":"https:\/\/www.3p-gmbh.de\/pt-br\/wp-json\/wp\/v2\/product_brand?post=90781"},{"taxonomy":"product_cat","embeddable":true,"href":"https:\/\/www.3p-gmbh.de\/pt-br\/wp-json\/wp\/v2\/product_cat?post=90781"},{"taxonomy":"product_tag","embeddable":true,"href":"https:\/\/www.3p-gmbh.de\/pt-br\/wp-json\/wp\/v2\/product_tag?post=90781"}],"curies":[{"name":"wp","href":"https:\/\/api.w.org\/{rel}","templated":true}]}}