{"id":90779,"date":"2019-10-15T13:35:41","date_gmt":"2019-10-15T13:35:41","guid":{"rendered":"https:\/\/www.3p-gmbh.de\/produkt\/maquina-de-aplicacao-de-cintas-ultra-sonica-ats-tanner-us-2000-a\/"},"modified":"2019-10-15T13:35:41","modified_gmt":"2019-10-15T13:35:41","slug":"ats-tanner-us-2000-a-maquina-de-bandas-ultra-sonicas","status":"publish","type":"product","link":"https:\/\/www.3p-gmbh.de\/pt-br\/produkt\/ats-tanner-us-2000-a-maquina-de-bandas-ultra-sonicas\/","title":{"rendered":"M\u00e1quina de aplica\u00e7\u00e3o de cintas ultra-s\u00f3nica ATS Tanner US-2000 A"},"content":{"rendered":"<p>O arco de guia da fita com chapa met\u00e1lica e pl\u00e1stico de design tornam a US-2000 AB robusta e r\u00e1pida.<br \/>\nA tens\u00e3o infinitamente ajust\u00e1vel da cinta garante um enfaixamento suave.<\/p>\n<ul>\n<li>Sem mudan\u00e7a de papel para fita de filme<\/li>\n<li>Sem tempo de aquecimento, imediatamente pronto a utilizar<\/li>\n<li>sem odor<\/li>\n<li>Controlo por computador e ecr\u00e3 LED detalhado<\/li>\n<li>Dispensador para rolos jumbo<\/li>\n<li>Menos manuten\u00e7\u00e3o: sem necessidade de dep\u00f3sitos de pel\u00edcula queimada e de substitui\u00e7\u00e3o dos elementos de aquecimento<\/li>\n<li>Funcionamento ergon\u00f3mico (possibilidade de trabalhar sentado)<\/li>\n<li>Vigil\u00e2ncia de gangues<\/li>\n<li>Tens\u00e3o super suave<\/li>\n<li>Produ\u00e7\u00e3o de at\u00e9 35 faixas por minuto<\/li>\n<li>Largura de banda 30<\/li>\n<li>El\u00e9trico 230 V, 50\/60 Hz, 1 PH<\/li>\n<li>Tamanhos de arco (L x A) 360 x 180\/260\/360mm<\/li>\n<\/ul>\n<p>Material utilizado:<\/p>\n<ul>\n<li>Pel\u00edcula de bandas<\/li>\n<li>Papel para cintas<\/li>\n<li>Material de cintagem impresso<\/li>\n<\/ul>\n","protected":false},"excerpt":{"rendered":"<p>O arco de guia da fita com chapa met\u00e1lica e pl\u00e1stico de design tornam a US-2000 AB robusta e r\u00e1pida. A tens\u00e3o infinitamente ajust\u00e1vel da cinta garante um enfaixamento suave. Sem mudan\u00e7a de papel para fita de filme Sem tempo de aquecimento, imediatamente pronto a utilizar sem odor Controlo por computador e ecr\u00e3 LED detalhado [&hellip;]<\/p>\n","protected":false},"featured_media":94471,"template":"","meta":[],"product_brand":[],"product_cat":[2859],"product_tag":[],"class_list":{"0":"post-90779","1":"product","2":"type-product","3":"status-publish","4":"has-post-thumbnail","6":"product_cat-maquinas-de-banderoling","7":"pa_bezeichnung_typ-ats-us-2000-a","8":"pa_hersteller-ats-tanner","10":"first","11":"instock","12":"taxable","13":"shipping-taxable","14":"purchasable","15":"product-type-simple"},"jetpack_sharing_enabled":true,"_links":{"self":[{"href":"https:\/\/www.3p-gmbh.de\/pt-br\/wp-json\/wp\/v2\/product\/90779","targetHints":{"allow":["GET"]}}],"collection":[{"href":"https:\/\/www.3p-gmbh.de\/pt-br\/wp-json\/wp\/v2\/product"}],"about":[{"href":"https:\/\/www.3p-gmbh.de\/pt-br\/wp-json\/wp\/v2\/types\/product"}],"wp:featuredmedia":[{"embeddable":true,"href":"https:\/\/www.3p-gmbh.de\/pt-br\/wp-json\/wp\/v2\/media\/94471"}],"wp:attachment":[{"href":"https:\/\/www.3p-gmbh.de\/pt-br\/wp-json\/wp\/v2\/media?parent=90779"}],"wp:term":[{"taxonomy":"product_brand","embeddable":true,"href":"https:\/\/www.3p-gmbh.de\/pt-br\/wp-json\/wp\/v2\/product_brand?post=90779"},{"taxonomy":"product_cat","embeddable":true,"href":"https:\/\/www.3p-gmbh.de\/pt-br\/wp-json\/wp\/v2\/product_cat?post=90779"},{"taxonomy":"product_tag","embeddable":true,"href":"https:\/\/www.3p-gmbh.de\/pt-br\/wp-json\/wp\/v2\/product_tag?post=90779"}],"curies":[{"name":"wp","href":"https:\/\/api.w.org\/{rel}","templated":true}]}}