{"id":90776,"date":"2019-10-16T09:17:36","date_gmt":"2019-10-16T09:17:36","guid":{"rendered":"https:\/\/www.3p-gmbh.de\/produkt\/luescher-multi-dx-220-sistema-uv-flex-ctp\/"},"modified":"2019-10-16T09:17:36","modified_gmt":"2019-10-16T09:17:36","slug":"luescher-multi-dx-220-uv-flex-ctp-system","status":"publish","type":"product","link":"https:\/\/www.3p-gmbh.de\/pt-br\/produkt\/luescher-multi-dx-220-uv-flex-ctp-system\/","title":{"rendered":"L\u00fcscher Multi DX! 220 Sistema UV-Flex CtP"},"content":{"rendered":"<ul>\n<li>N\u00famero da m\u00e1quina L10-3409<\/li>\n<li>Ano de fabrico 2011<\/li>\n<li>apenas 709 horas de funcionamento<\/li>\n<li>Resolu\u00e7\u00e3o 2400 dpi<\/li>\n<li>m\u00e1ximo. Tamanho do painel 800 x 600 mm<\/li>\n<li>Luescher Print-Q pr\u00e9-instalado no PC Dell<\/li>\n<li>Navigator Rip Vers\u00e3o 8 pr\u00e9-instalado no computador Dell<\/li>\n<li>M\u00f3dulo 1: 16 d\u00edodos laser UV 405 nm para serigrafia, chapas offset UV ou offset seco Toray<\/li>\n<li>M\u00f3dulos 3-4: 3 x 8 d\u00edodos laser t\u00e9rmicos de 830 nm para placas de impress\u00e3o t\u00e9rmica offset<\/li>\n<\/ul>\n","protected":false},"excerpt":{"rendered":"<p>N\u00famero da m\u00e1quina L10-3409 Ano de fabrico 2011 apenas 709 horas de funcionamento Resolu\u00e7\u00e3o 2400 dpi m\u00e1ximo. Tamanho do painel 800 x 600 mm Luescher Print-Q pr\u00e9-instalado no PC Dell Navigator Rip Vers\u00e3o 8 pr\u00e9-instalado no computador Dell M\u00f3dulo 1: 16 d\u00edodos laser UV 405 nm para serigrafia, chapas offset UV ou offset seco Toray [&hellip;]<\/p>\n","protected":false},"featured_media":71907,"template":"","meta":[],"product_brand":[],"product_cat":[2865],"product_tag":[],"class_list":{"0":"post-90776","1":"product","2":"type-product","3":"status-publish","4":"has-post-thumbnail","6":"product_cat-sistemas-computadorizados-para-placas","7":"pa_baujahr-145","8":"pa_bezeichnung_typ-multi-dx-220-uv-flex","9":"pa_hersteller-luescher-ag","11":"first","12":"instock","13":"taxable","14":"shipping-taxable","15":"purchasable","16":"product-type-simple"},"jetpack_sharing_enabled":true,"_links":{"self":[{"href":"https:\/\/www.3p-gmbh.de\/pt-br\/wp-json\/wp\/v2\/product\/90776","targetHints":{"allow":["GET"]}}],"collection":[{"href":"https:\/\/www.3p-gmbh.de\/pt-br\/wp-json\/wp\/v2\/product"}],"about":[{"href":"https:\/\/www.3p-gmbh.de\/pt-br\/wp-json\/wp\/v2\/types\/product"}],"wp:featuredmedia":[{"embeddable":true,"href":"https:\/\/www.3p-gmbh.de\/pt-br\/wp-json\/wp\/v2\/media\/71907"}],"wp:attachment":[{"href":"https:\/\/www.3p-gmbh.de\/pt-br\/wp-json\/wp\/v2\/media?parent=90776"}],"wp:term":[{"taxonomy":"product_brand","embeddable":true,"href":"https:\/\/www.3p-gmbh.de\/pt-br\/wp-json\/wp\/v2\/product_brand?post=90776"},{"taxonomy":"product_cat","embeddable":true,"href":"https:\/\/www.3p-gmbh.de\/pt-br\/wp-json\/wp\/v2\/product_cat?post=90776"},{"taxonomy":"product_tag","embeddable":true,"href":"https:\/\/www.3p-gmbh.de\/pt-br\/wp-json\/wp\/v2\/product_tag?post=90776"}],"curies":[{"name":"wp","href":"https:\/\/api.w.org\/{rel}","templated":true}]}}