{"id":90756,"date":"2019-10-24T07:38:35","date_gmt":"2019-10-24T07:38:35","guid":{"rendered":"https:\/\/www.3p-gmbh.de\/produkt\/secador-de-vacuo-zirbus-vta-200\/"},"modified":"2019-10-24T07:38:35","modified_gmt":"2019-10-24T07:38:35","slug":"secador-de-vacuo-zirbus-vta-200","status":"publish","type":"product","link":"https:\/\/www.3p-gmbh.de\/pt-br\/produkt\/secador-de-vacuo-zirbus-vta-200\/","title":{"rendered":"Secador de v\u00e1cuo Zirbus VTA 200"},"content":{"rendered":"<p>para utiliza\u00e7\u00e3o em laborat\u00f3rio e para produ\u00e7\u00e3o<\/p>\n<p>C\u00e2mara de secagem redonda<br \/>\nSistemas de duas c\u00e2maras com v\u00e1lvula de separa\u00e7\u00e3o<br \/>\nPorta rebat\u00edvel<br \/>\nMateriali A\u00e7o inoxid\u00e1vel 316TI, 316L<br \/>\nCondensadores de solvente<br \/>\nLimpeza autom\u00e1tica CIP<br \/>\nVisualiza\u00e7\u00e3o de processos<br \/>\nTabuleiros de produtos<br \/>\nVers\u00e3o de prote\u00e7\u00e3o Ex<br \/>\nConce\u00e7\u00e3o em conformidade com as BPF<br \/>\nDocumenta\u00e7\u00e3o \/ Qualifica\u00e7\u00e3o<\/p>\n<p>do ano. 2015<br \/>\nO pre\u00e7o de compra por unidade foi de 40 000 euros mais IVA. IVA<br \/>\nComprado para desumidificar papel<br \/>\nou seja, as unidades deslizantes com transporte de rolos podem ser removidas<\/p>\n","protected":false},"excerpt":{"rendered":"<p>para utiliza\u00e7\u00e3o em laborat\u00f3rio e para produ\u00e7\u00e3o C\u00e2mara de secagem redonda Sistemas de duas c\u00e2maras com v\u00e1lvula de separa\u00e7\u00e3o Porta rebat\u00edvel Materiali A\u00e7o inoxid\u00e1vel 316TI, 316L Condensadores de solvente Limpeza autom\u00e1tica CIP Visualiza\u00e7\u00e3o de processos Tabuleiros de produtos Vers\u00e3o de prote\u00e7\u00e3o Ex Conce\u00e7\u00e3o em conformidade com as BPF Documenta\u00e7\u00e3o \/ Qualifica\u00e7\u00e3o do ano. 2015 O [&hellip;]<\/p>\n","protected":false},"featured_media":71961,"template":"","meta":[],"product_brand":[],"product_cat":[2942],"product_tag":[],"class_list":{"0":"post-90756","1":"product","2":"type-product","3":"status-publish","4":"has-post-thumbnail","6":"product_cat-outras-maquinas-e-equipamentos","7":"pa_hersteller-zirbus","8":"pa_typ-vta-200","10":"first","11":"instock","12":"taxable","13":"shipping-taxable","14":"purchasable","15":"product-type-simple"},"jetpack_sharing_enabled":true,"_links":{"self":[{"href":"https:\/\/www.3p-gmbh.de\/pt-br\/wp-json\/wp\/v2\/product\/90756","targetHints":{"allow":["GET"]}}],"collection":[{"href":"https:\/\/www.3p-gmbh.de\/pt-br\/wp-json\/wp\/v2\/product"}],"about":[{"href":"https:\/\/www.3p-gmbh.de\/pt-br\/wp-json\/wp\/v2\/types\/product"}],"wp:featuredmedia":[{"embeddable":true,"href":"https:\/\/www.3p-gmbh.de\/pt-br\/wp-json\/wp\/v2\/media\/71961"}],"wp:attachment":[{"href":"https:\/\/www.3p-gmbh.de\/pt-br\/wp-json\/wp\/v2\/media?parent=90756"}],"wp:term":[{"taxonomy":"product_brand","embeddable":true,"href":"https:\/\/www.3p-gmbh.de\/pt-br\/wp-json\/wp\/v2\/product_brand?post=90756"},{"taxonomy":"product_cat","embeddable":true,"href":"https:\/\/www.3p-gmbh.de\/pt-br\/wp-json\/wp\/v2\/product_cat?post=90756"},{"taxonomy":"product_tag","embeddable":true,"href":"https:\/\/www.3p-gmbh.de\/pt-br\/wp-json\/wp\/v2\/product_tag?post=90756"}],"curies":[{"name":"wp","href":"https:\/\/api.w.org\/{rel}","templated":true}]}}