{"id":90754,"date":"2019-10-24T14:23:58","date_gmt":"2019-10-24T14:23:58","guid":{"rendered":"https:\/\/www.3p-gmbh.de\/produkt\/maquina-de-aplicacao-de-cintas-ats-tanner-us-2000-trs-l\/"},"modified":"2019-10-24T14:23:58","modified_gmt":"2019-10-24T14:23:58","slug":"ats-tanner-us-2000-trs-l-banding-machine","status":"publish","type":"product","link":"https:\/\/www.3p-gmbh.de\/pt-br\/produkt\/ats-tanner-us-2000-trs-l-banding-machine\/","title":{"rendered":"M\u00e1quina de aplica\u00e7\u00e3o de cintas ATS Tanner US 2000 TRS-L"},"content":{"rendered":"<p>Esta m\u00e1quina autom\u00e1tica de cintagem em linha tem uma fixa\u00e7\u00e3o pneum\u00e1tica do produto e centragem central. O tapete transportador extra-longo recebe as pilhas de produtos (simples ou duplas) da pr\u00e9-m\u00e1quina e transporta-as para a paragem do produto. Antes da cintagem, as pilhas s\u00e3o prensadas e alinhadas nos quatro lados. Os produtos s\u00e3o transportados atrav\u00e9s de uma correia transportadora para a US-2000 TRS-L, onde a pilha \u00e9 centrada em todos os lados, prensada e cintada em 1 ou 2 bandas.<\/p>\n","protected":false},"excerpt":{"rendered":"<p>Esta m\u00e1quina autom\u00e1tica de cintagem em linha tem uma fixa\u00e7\u00e3o pneum\u00e1tica do produto e centragem central. O tapete transportador extra-longo recebe as pilhas de produtos (simples ou duplas) da pr\u00e9-m\u00e1quina e transporta-as para a paragem do produto. Antes da cintagem, as pilhas s\u00e3o prensadas e alinhadas nos quatro lados. Os produtos s\u00e3o transportados atrav\u00e9s de [&hellip;]<\/p>\n","protected":false},"featured_media":72021,"template":"","meta":[],"product_brand":[],"product_cat":[2859],"product_tag":[],"class_list":{"0":"post-90754","1":"product","2":"type-product","3":"status-publish","4":"has-post-thumbnail","6":"product_cat-maquinas-de-banderoling","7":"pa_bezeichnung_typ-us-2000-trs-l","8":"pa_hersteller-ats-tanner","10":"first","11":"instock","12":"taxable","13":"shipping-taxable","14":"purchasable","15":"product-type-simple"},"jetpack_sharing_enabled":true,"_links":{"self":[{"href":"https:\/\/www.3p-gmbh.de\/pt-br\/wp-json\/wp\/v2\/product\/90754","targetHints":{"allow":["GET"]}}],"collection":[{"href":"https:\/\/www.3p-gmbh.de\/pt-br\/wp-json\/wp\/v2\/product"}],"about":[{"href":"https:\/\/www.3p-gmbh.de\/pt-br\/wp-json\/wp\/v2\/types\/product"}],"wp:featuredmedia":[{"embeddable":true,"href":"https:\/\/www.3p-gmbh.de\/pt-br\/wp-json\/wp\/v2\/media\/72021"}],"wp:attachment":[{"href":"https:\/\/www.3p-gmbh.de\/pt-br\/wp-json\/wp\/v2\/media?parent=90754"}],"wp:term":[{"taxonomy":"product_brand","embeddable":true,"href":"https:\/\/www.3p-gmbh.de\/pt-br\/wp-json\/wp\/v2\/product_brand?post=90754"},{"taxonomy":"product_cat","embeddable":true,"href":"https:\/\/www.3p-gmbh.de\/pt-br\/wp-json\/wp\/v2\/product_cat?post=90754"},{"taxonomy":"product_tag","embeddable":true,"href":"https:\/\/www.3p-gmbh.de\/pt-br\/wp-json\/wp\/v2\/product_tag?post=90754"}],"curies":[{"name":"wp","href":"https:\/\/api.w.org\/{rel}","templated":true}]}}