{"id":90753,"date":"2019-10-24T14:12:59","date_gmt":"2019-10-24T14:12:59","guid":{"rendered":"https:\/\/www.3p-gmbh.de\/produkt\/contador-de-preset-de-aco-evz-30-da-heidelberg\/"},"modified":"2019-10-24T14:12:59","modified_gmt":"2019-10-24T14:12:59","slug":"heidelberg-steel-preselection-counter-evz-30","status":"publish","type":"product","link":"https:\/\/www.3p-gmbh.de\/pt-br\/produkt\/heidelberg-steel-preselection-counter-evz-30\/","title":{"rendered":"Contador de preset de a\u00e7o EVZ 30 da Heidelberg"},"content":{"rendered":"<p>Balc\u00e3o de pr\u00e9-sele\u00e7\u00e3o com batedor e consola<\/p>\n","protected":false},"excerpt":{"rendered":"<p>Balc\u00e3o de pr\u00e9-sele\u00e7\u00e3o com batedor e consola<\/p>\n","protected":false},"featured_media":72012,"template":"","meta":[],"product_brand":[],"product_cat":[2882],"product_tag":[],"class_list":{"0":"post-90753","1":"product","2":"type-product","3":"status-publish","4":"has-post-thumbnail","6":"product_cat-acessorios-para-maquinas-de-dobrar","7":"pa_bezeichnung_typ-evz-30","8":"pa_hersteller-heidelberg-stahlfolder","10":"first","11":"instock","12":"taxable","13":"shipping-taxable","14":"purchasable","15":"product-type-simple"},"jetpack_sharing_enabled":true,"_links":{"self":[{"href":"https:\/\/www.3p-gmbh.de\/pt-br\/wp-json\/wp\/v2\/product\/90753","targetHints":{"allow":["GET"]}}],"collection":[{"href":"https:\/\/www.3p-gmbh.de\/pt-br\/wp-json\/wp\/v2\/product"}],"about":[{"href":"https:\/\/www.3p-gmbh.de\/pt-br\/wp-json\/wp\/v2\/types\/product"}],"wp:featuredmedia":[{"embeddable":true,"href":"https:\/\/www.3p-gmbh.de\/pt-br\/wp-json\/wp\/v2\/media\/72012"}],"wp:attachment":[{"href":"https:\/\/www.3p-gmbh.de\/pt-br\/wp-json\/wp\/v2\/media?parent=90753"}],"wp:term":[{"taxonomy":"product_brand","embeddable":true,"href":"https:\/\/www.3p-gmbh.de\/pt-br\/wp-json\/wp\/v2\/product_brand?post=90753"},{"taxonomy":"product_cat","embeddable":true,"href":"https:\/\/www.3p-gmbh.de\/pt-br\/wp-json\/wp\/v2\/product_cat?post=90753"},{"taxonomy":"product_tag","embeddable":true,"href":"https:\/\/www.3p-gmbh.de\/pt-br\/wp-json\/wp\/v2\/product_tag?post=90753"}],"curies":[{"name":"wp","href":"https:\/\/api.w.org\/{rel}","templated":true}]}}