{"id":90743,"date":"2019-10-24T14:42:03","date_gmt":"2019-10-24T14:42:03","guid":{"rendered":"https:\/\/www.3p-gmbh.de\/produkt\/combinacao-de-maquina-de-dobrar-guk-para-trabalho-de-correio\/"},"modified":"2019-10-24T14:42:03","modified_gmt":"2019-10-24T14:42:03","slug":"guk-maquina-de-dobragem-combinacao-para-correio-trabalho","status":"publish","type":"product","link":"https:\/\/www.3p-gmbh.de\/pt-br\/produkt\/guk-maquina-de-dobragem-combinacao-para-correio-trabalho\/","title":{"rendered":"Combina\u00e7\u00e3o de m\u00e1quina de dobrar GUK para trabalho de correio"},"content":{"rendered":"<p>Esta combina\u00e7\u00e3o de m\u00e1quinas de dobragem altamente flex\u00edvel para trabalhos de correio de baixa quilometragem \u00e9 composta por<\/p>\n<ul>\n<li>1. Alimentador de ar de suc\u00e7\u00e3o de pilha plana GUK OEM B\u00e4uerle tipo FL 50-2<\/li>\n<li>Alimentador \u00fanico com autocontrolo e cabe\u00e7a de separa\u00e7\u00e3o com controlo pneum\u00e1tico com separador de bordos de fuga, o que permite uma separa\u00e7\u00e3o exacta das folhas, mesmo com uma produ\u00e7\u00e3o mais elevada<\/li>\n<li>Contador de pr\u00e9-sele\u00e7\u00e3o MCS<\/li>\n<\/ul>\n<p>&nbsp;<\/p>\n<ul>\n<li>1. unidade m\u00f3vel de dobragem de quatro bolsas, com regula\u00e7\u00e3o hidr\u00e1ulica infinita em altura, GUK FA 50 \/ 4 HT<\/li>\n<li>com mesa de alinhamento longo<\/li>\n<li>R\u00e9gua de paragem como segunda unidade de dobragem<\/li>\n<\/ul>\n<p>&nbsp;<\/p>\n<ul>\n<li>expositor m\u00f3vel GUK S-520<\/li>\n<\/ul>\n","protected":false},"excerpt":{"rendered":"<p>Esta combina\u00e7\u00e3o de m\u00e1quinas de dobragem altamente flex\u00edvel para trabalhos de correio de baixa quilometragem \u00e9 composta por 1. Alimentador de ar de suc\u00e7\u00e3o de pilha plana GUK OEM B\u00e4uerle tipo FL 50-2 Alimentador \u00fanico com autocontrolo e cabe\u00e7a de separa\u00e7\u00e3o com controlo pneum\u00e1tico com separador de bordos de fuga, o que permite uma separa\u00e7\u00e3o [&hellip;]<\/p>\n","protected":false},"featured_media":72036,"template":"","meta":[],"product_brand":[],"product_cat":[2979],"product_tag":[],"class_list":{"0":"post-90743","1":"product","2":"type-product","3":"status-publish","4":"has-post-thumbnail","6":"product_cat-maquinas-de-dobrar","7":"pa_bezeichnung_typ-falzmaschinenkombination-fuer-mailingarbeiten","8":"pa_hersteller-guk","10":"first","11":"instock","12":"taxable","13":"shipping-taxable","14":"purchasable","15":"product-type-simple"},"jetpack_sharing_enabled":true,"_links":{"self":[{"href":"https:\/\/www.3p-gmbh.de\/pt-br\/wp-json\/wp\/v2\/product\/90743","targetHints":{"allow":["GET"]}}],"collection":[{"href":"https:\/\/www.3p-gmbh.de\/pt-br\/wp-json\/wp\/v2\/product"}],"about":[{"href":"https:\/\/www.3p-gmbh.de\/pt-br\/wp-json\/wp\/v2\/types\/product"}],"wp:featuredmedia":[{"embeddable":true,"href":"https:\/\/www.3p-gmbh.de\/pt-br\/wp-json\/wp\/v2\/media\/72036"}],"wp:attachment":[{"href":"https:\/\/www.3p-gmbh.de\/pt-br\/wp-json\/wp\/v2\/media?parent=90743"}],"wp:term":[{"taxonomy":"product_brand","embeddable":true,"href":"https:\/\/www.3p-gmbh.de\/pt-br\/wp-json\/wp\/v2\/product_brand?post=90743"},{"taxonomy":"product_cat","embeddable":true,"href":"https:\/\/www.3p-gmbh.de\/pt-br\/wp-json\/wp\/v2\/product_cat?post=90743"},{"taxonomy":"product_tag","embeddable":true,"href":"https:\/\/www.3p-gmbh.de\/pt-br\/wp-json\/wp\/v2\/product_tag?post=90743"}],"curies":[{"name":"wp","href":"https:\/\/api.w.org\/{rel}","templated":true}]}}