{"id":90732,"date":"2019-10-24T15:13:20","date_gmt":"2019-10-24T15:13:20","guid":{"rendered":"https:\/\/www.3p-gmbh.de\/produkt\/unidade-de-producao-de-cadernos-mkw-rapid-sft-350-unidade-de-costura-dobragem-e-corte-frontal\/"},"modified":"2019-10-24T15:13:20","modified_gmt":"2019-10-24T15:13:20","slug":"mkw-rapid-sft-350-brochure-production-stitch-fold-and-front-cut-unit","status":"publish","type":"product","link":"https:\/\/www.3p-gmbh.de\/pt-br\/produkt\/mkw-rapid-sft-350-brochure-production-stitch-fold-and-front-cut-unit\/","title":{"rendered":"Unidade de produ\u00e7\u00e3o de cadernos MKW Rapid SFT 350 Unidade de costura, dobragem e corte frontal"},"content":{"rendered":"<ul>\n<li>Formato: min. 10 x 14 cm , m\u00e1x. 35 x 50 cm<\/li>\n<li>Ajuste r\u00e1pido do formato<\/li>\n<li>Corte frontal com corte m\u00ednimo de 6 cm sobre a faca superior e inferior<\/li>\n<li>Ar de sopro na faca<\/li>\n<li>Dispositivo de prensagem regul\u00e1vel<\/li>\n<li>2 cabe\u00e7as de costura Hohner 48\/S<\/li>\n<li>Sistema de encaderna\u00e7\u00e3o com corte frontal C 1,50m x L 2,0m<\/li>\n<\/ul>\n","protected":false},"excerpt":{"rendered":"<p>Formato: min. 10 x 14 cm , m\u00e1x. 35 x 50 cm Ajuste r\u00e1pido do formato Corte frontal com corte m\u00ednimo de 6 cm sobre a faca superior e inferior Ar de sopro na faca Dispositivo de prensagem regul\u00e1vel 2 cabe\u00e7as de costura Hohner 48\/S Sistema de encaderna\u00e7\u00e3o com corte frontal C 1,50m x L [&hellip;]<\/p>\n","protected":false},"featured_media":72102,"template":"","meta":[],"product_brand":[],"product_cat":[2951],"product_tag":[],"class_list":{"0":"post-90732","1":"product","2":"type-product","3":"status-publish","4":"has-post-thumbnail","6":"product_cat-sistemas-de-producao-de-folhetos","7":"pa_bezeichnung_typ-rapid-sft-350","8":"pa_hersteller-mkw","10":"first","11":"instock","12":"taxable","13":"shipping-taxable","14":"purchasable","15":"product-type-simple"},"jetpack_sharing_enabled":true,"_links":{"self":[{"href":"https:\/\/www.3p-gmbh.de\/pt-br\/wp-json\/wp\/v2\/product\/90732","targetHints":{"allow":["GET"]}}],"collection":[{"href":"https:\/\/www.3p-gmbh.de\/pt-br\/wp-json\/wp\/v2\/product"}],"about":[{"href":"https:\/\/www.3p-gmbh.de\/pt-br\/wp-json\/wp\/v2\/types\/product"}],"wp:featuredmedia":[{"embeddable":true,"href":"https:\/\/www.3p-gmbh.de\/pt-br\/wp-json\/wp\/v2\/media\/72102"}],"wp:attachment":[{"href":"https:\/\/www.3p-gmbh.de\/pt-br\/wp-json\/wp\/v2\/media?parent=90732"}],"wp:term":[{"taxonomy":"product_brand","embeddable":true,"href":"https:\/\/www.3p-gmbh.de\/pt-br\/wp-json\/wp\/v2\/product_brand?post=90732"},{"taxonomy":"product_cat","embeddable":true,"href":"https:\/\/www.3p-gmbh.de\/pt-br\/wp-json\/wp\/v2\/product_cat?post=90732"},{"taxonomy":"product_tag","embeddable":true,"href":"https:\/\/www.3p-gmbh.de\/pt-br\/wp-json\/wp\/v2\/product_tag?post=90732"}],"curies":[{"name":"wp","href":"https:\/\/api.w.org\/{rel}","templated":true}]}}