{"id":90731,"date":"2019-10-24T15:18:37","date_gmt":"2019-10-24T15:18:37","guid":{"rendered":"https:\/\/www.3p-gmbh.de\/produkt\/muller-martini-printroll-p-duplo-desenrolar\/"},"modified":"2019-10-24T15:18:37","modified_gmt":"2019-10-24T15:18:37","slug":"mueller-martini-printroll-p-double-unroll","status":"publish","type":"product","link":"https:\/\/www.3p-gmbh.de\/pt-br\/produkt\/mueller-martini-printroll-p-double-unroll\/","title":{"rendered":"Muller Martini PrintRoll P Duplo desenrolar"},"content":{"rendered":"<p>Este desbobinador duplo Muller Martini para PrintRoll P Tipo 0350.0427 do ano de fabrico 2001 (sem suporte de bobinas e m\u00f3dulos de alimenta\u00e7\u00e3o para os alimentadores) \u00e9 utilizado para liga\u00e7\u00e3o \u00e0s m\u00e1quinas de coser a arame das s\u00e9ries Muller Martini Prima, Tempo e Primera, a \u00faltima a ser integrada eletronicamente do lado do software foi uma Primera A 140 do ano de fabrico 2014.<\/p>\n","protected":false},"excerpt":{"rendered":"<p>Este desbobinador duplo Muller Martini para PrintRoll P Tipo 0350.0427 do ano de fabrico 2001 (sem suporte de bobinas e m\u00f3dulos de alimenta\u00e7\u00e3o para os alimentadores) \u00e9 utilizado para liga\u00e7\u00e3o \u00e0s m\u00e1quinas de coser a arame das s\u00e9ries Muller Martini Prima, Tempo e Primera, a \u00faltima a ser integrada eletronicamente do lado do software foi [&hellip;]<\/p>\n","protected":false},"featured_media":72117,"template":"","meta":[],"product_brand":[],"product_cat":[2908],"product_tag":[],"class_list":{"0":"post-90731","1":"product","2":"type-product","3":"status-publish","4":"has-post-thumbnail","6":"product_cat-costureira-de-sela","7":"pa_bezeichnung_typ-printroll-p","8":"pa_hersteller-mueller-martini","10":"first","11":"instock","12":"taxable","13":"shipping-taxable","14":"purchasable","15":"product-type-simple"},"jetpack_sharing_enabled":true,"_links":{"self":[{"href":"https:\/\/www.3p-gmbh.de\/pt-br\/wp-json\/wp\/v2\/product\/90731","targetHints":{"allow":["GET"]}}],"collection":[{"href":"https:\/\/www.3p-gmbh.de\/pt-br\/wp-json\/wp\/v2\/product"}],"about":[{"href":"https:\/\/www.3p-gmbh.de\/pt-br\/wp-json\/wp\/v2\/types\/product"}],"wp:featuredmedia":[{"embeddable":true,"href":"https:\/\/www.3p-gmbh.de\/pt-br\/wp-json\/wp\/v2\/media\/72117"}],"wp:attachment":[{"href":"https:\/\/www.3p-gmbh.de\/pt-br\/wp-json\/wp\/v2\/media?parent=90731"}],"wp:term":[{"taxonomy":"product_brand","embeddable":true,"href":"https:\/\/www.3p-gmbh.de\/pt-br\/wp-json\/wp\/v2\/product_brand?post=90731"},{"taxonomy":"product_cat","embeddable":true,"href":"https:\/\/www.3p-gmbh.de\/pt-br\/wp-json\/wp\/v2\/product_cat?post=90731"},{"taxonomy":"product_tag","embeddable":true,"href":"https:\/\/www.3p-gmbh.de\/pt-br\/wp-json\/wp\/v2\/product_tag?post=90731"}],"curies":[{"name":"wp","href":"https:\/\/api.w.org\/{rel}","templated":true}]}}