{"id":90727,"date":"2019-10-28T12:02:38","date_gmt":"2019-10-28T12:02:38","guid":{"rendered":"https:\/\/www.3p-gmbh.de\/produkt\/herzog-heymann-modelo-kl-112-8-4-fbs\/"},"modified":"2019-10-28T12:02:38","modified_gmt":"2019-10-28T12:02:38","slug":"herzog-heymann-model-kl-112-8-4-fbs","status":"publish","type":"product","link":"https:\/\/www.3p-gmbh.de\/pt-br\/produkt\/herzog-heymann-model-kl-112-8-4-fbs\/","title":{"rendered":"Herzog &amp; Heymann Modelo KL 112-8-4-FBS"},"content":{"rendered":"<p>A3 m\u00e1quina de microdobragem, especialmente para encartes de embalagens<\/p>\n<p>Formato m\u00e1ximo. 35 x 50 cm<br \/>\nFormato min. 5 x 7 cm<br \/>\nComprimento m\u00ednimo do ressalto 18 mm<\/p>\n<p>Esta dobradora de corte da s\u00e9rie KL 112 da Herzog + Heymann foi concebida para o processamento de produtos pequenos e muito pequenos.<br \/>\nDevido ao di\u00e2metro do rolo de dobragem de 26 mm, \u00e9 poss\u00edvel obter um comprimento m\u00ednimo de dobragem de 18 mm.<\/p>\n<p>A m\u00e1quina \u00e9 extremamente flex\u00edvel e pode processar produtos para a ind\u00fastria farmac\u00eautica (encartes ou folhetos), manuais de instru\u00e7\u00f5es e produtos colados ou cosidos, por exemplo.<\/p>\n<p>Equipamento:<br \/>\n&#8211; Alimentador de aspira\u00e7\u00e3o FBS com compressor e separador de ar<br \/>\n&#8211; Contador total ou de lotes<br \/>\n&#8211; primeira esta\u00e7\u00e3o com 8 bolsas, largura de alimenta\u00e7\u00e3o de 35 cm, eixos de corte a jusante (para ranhurar e perfurar), tampa de prote\u00e7\u00e3o contra o ru\u00eddo<br \/>\n&#8211; segunda esta\u00e7\u00e3o com 4 bolsas, largura de alimenta\u00e7\u00e3o de 35 cm, eixos de corte a jusante (para ranhurar e perfurar), tampa de prote\u00e7\u00e3o contra o ru\u00eddo<br \/>\n&#8211; mesa de transfer\u00eancia de correia mont\u00e1vel H&amp;H 177<br \/>\n&#8211; Expositor de p\u00e9 de pequeno formato 177<\/p>\n","protected":false},"excerpt":{"rendered":"<p>A3 m\u00e1quina de microdobragem, especialmente para encartes de embalagens Formato m\u00e1ximo. 35 x 50 cm Formato min. 5 x 7 cm Comprimento m\u00ednimo do ressalto 18 mm Esta dobradora de corte da s\u00e9rie KL 112 da Herzog + Heymann foi concebida para o processamento de produtos pequenos e muito pequenos. Devido ao di\u00e2metro do rolo [&hellip;]<\/p>\n","protected":false},"featured_media":72123,"template":"","meta":[],"product_brand":[],"product_cat":[2979],"product_tag":[],"class_list":{"0":"post-90727","1":"product","2":"type-product","3":"status-publish","4":"has-post-thumbnail","6":"product_cat-maquinas-de-dobrar","7":"pa_hersteller-herzog-heymann","8":"pa_typ-kl-112-8-4-fbs","10":"first","11":"instock","12":"taxable","13":"shipping-taxable","14":"purchasable","15":"product-type-simple"},"jetpack_sharing_enabled":true,"_links":{"self":[{"href":"https:\/\/www.3p-gmbh.de\/pt-br\/wp-json\/wp\/v2\/product\/90727","targetHints":{"allow":["GET"]}}],"collection":[{"href":"https:\/\/www.3p-gmbh.de\/pt-br\/wp-json\/wp\/v2\/product"}],"about":[{"href":"https:\/\/www.3p-gmbh.de\/pt-br\/wp-json\/wp\/v2\/types\/product"}],"wp:featuredmedia":[{"embeddable":true,"href":"https:\/\/www.3p-gmbh.de\/pt-br\/wp-json\/wp\/v2\/media\/72123"}],"wp:attachment":[{"href":"https:\/\/www.3p-gmbh.de\/pt-br\/wp-json\/wp\/v2\/media?parent=90727"}],"wp:term":[{"taxonomy":"product_brand","embeddable":true,"href":"https:\/\/www.3p-gmbh.de\/pt-br\/wp-json\/wp\/v2\/product_brand?post=90727"},{"taxonomy":"product_cat","embeddable":true,"href":"https:\/\/www.3p-gmbh.de\/pt-br\/wp-json\/wp\/v2\/product_cat?post=90727"},{"taxonomy":"product_tag","embeddable":true,"href":"https:\/\/www.3p-gmbh.de\/pt-br\/wp-json\/wp\/v2\/product_tag?post=90727"}],"curies":[{"name":"wp","href":"https:\/\/api.w.org\/{rel}","templated":true}]}}