{"id":90724,"date":"2019-10-28T14:47:34","date_gmt":"2019-10-28T14:47:34","guid":{"rendered":"https:\/\/www.3p-gmbh.de\/produkt\/elevador-de-pilha-polar-lw-1200-6\/"},"modified":"2019-10-28T14:47:34","modified_gmt":"2019-10-28T14:47:34","slug":"polar-stapellift-lw-1200-6","status":"publish","type":"product","link":"https:\/\/www.3p-gmbh.de\/pt-br\/produkt\/polar-stapellift-lw-1200-6\/","title":{"rendered":"Elevador de pilha Polar LW 1200-6"},"content":{"rendered":"<p>Ano de fabrico 2010 ou 2013<br \/>\nFormato 1050&#215;1480 cm<br \/>\nCapacidade de transporte at\u00e9 1200 kg<\/p>\n<p>Ao carregar cortadores de alta velocidade, os elevadores de empilhamento POLAR LW garantem mais ergonomia e facilidade de trabalho a uma altura de trabalho confort\u00e1vel.<br \/>\nVantagens para o cliente:<br \/>\nA produtividade do cortador \u00e9 aumentada at\u00e9 10 por cento, uma vez que a altura de trabalho permanece constante durante a carga\/descarga.<br \/>\nA curva de pot\u00eancia do operador mant\u00e9m-se constante.<\/p>\n","protected":false},"excerpt":{"rendered":"<p>Ano de fabrico 2010 ou 2013 Formato 1050&#215;1480 cm Capacidade de transporte at\u00e9 1200 kg Ao carregar cortadores de alta velocidade, os elevadores de empilhamento POLAR LW garantem mais ergonomia e facilidade de trabalho a uma altura de trabalho confort\u00e1vel. Vantagens para o cliente: A produtividade do cortador \u00e9 aumentada at\u00e9 10 por cento, uma [&hellip;]<\/p>\n","protected":false},"featured_media":72135,"template":"","meta":[],"product_brand":[],"product_cat":[2978],"product_tag":[],"class_list":{"0":"post-90724","1":"product","2":"type-product","3":"status-publish","4":"has-post-thumbnail","6":"product_cat-elevadores-de-pilha-e-elevadores-de-pilha","7":"pa_hersteller-polar-mohr","8":"pa_typ-lw-1200-6","10":"first","11":"instock","12":"taxable","13":"shipping-taxable","14":"purchasable","15":"product-type-simple"},"jetpack_sharing_enabled":true,"_links":{"self":[{"href":"https:\/\/www.3p-gmbh.de\/pt-br\/wp-json\/wp\/v2\/product\/90724","targetHints":{"allow":["GET"]}}],"collection":[{"href":"https:\/\/www.3p-gmbh.de\/pt-br\/wp-json\/wp\/v2\/product"}],"about":[{"href":"https:\/\/www.3p-gmbh.de\/pt-br\/wp-json\/wp\/v2\/types\/product"}],"wp:featuredmedia":[{"embeddable":true,"href":"https:\/\/www.3p-gmbh.de\/pt-br\/wp-json\/wp\/v2\/media\/72135"}],"wp:attachment":[{"href":"https:\/\/www.3p-gmbh.de\/pt-br\/wp-json\/wp\/v2\/media?parent=90724"}],"wp:term":[{"taxonomy":"product_brand","embeddable":true,"href":"https:\/\/www.3p-gmbh.de\/pt-br\/wp-json\/wp\/v2\/product_brand?post=90724"},{"taxonomy":"product_cat","embeddable":true,"href":"https:\/\/www.3p-gmbh.de\/pt-br\/wp-json\/wp\/v2\/product_cat?post=90724"},{"taxonomy":"product_tag","embeddable":true,"href":"https:\/\/www.3p-gmbh.de\/pt-br\/wp-json\/wp\/v2\/product_tag?post=90724"}],"curies":[{"name":"wp","href":"https:\/\/api.w.org\/{rel}","templated":true}]}}