{"id":90718,"date":"2019-10-29T08:13:14","date_gmt":"2019-10-29T08:13:14","guid":{"rendered":"https:\/\/www.3p-gmbh.de\/produkt\/alimentador-universal-hugo-beck-hb-350\/"},"modified":"2019-10-29T08:13:14","modified_gmt":"2019-10-29T08:13:14","slug":"hugo-beck-universal-investidor-hb-355","status":"publish","type":"product","link":"https:\/\/www.3p-gmbh.de\/pt-br\/produkt\/hugo-beck-universal-investidor-hb-355\/","title":{"rendered":"Alimentador universal Hugo Beck HB 350"},"content":{"rendered":"<p>M\u00f3vel e regul\u00e1vel em altura<\/p>\n<p>Oferece a possibilidade de dispensa totalmente autom\u00e1tica de produtos principais ou acompanhamentos.<br \/>\nPor exemplo, revistas ou cat\u00e1logos com um comprimento de 148 &#8211; 420 mm,<br \/>\npode ser alimentada com uma largura de 105 &#8211; 315 mm e uma altura de 2 &#8211; 60 mm.<br \/>\nA capacidade deste alimentador universal \u00e9 de 18.000 ciclos por hora.<\/p>\n","protected":false},"excerpt":{"rendered":"<p>M\u00f3vel e regul\u00e1vel em altura Oferece a possibilidade de dispensa totalmente autom\u00e1tica de produtos principais ou acompanhamentos. Por exemplo, revistas ou cat\u00e1logos com um comprimento de 148 &#8211; 420 mm, pode ser alimentada com uma largura de 105 &#8211; 315 mm e uma altura de 2 &#8211; 60 mm. A capacidade deste alimentador universal \u00e9 [&hellip;]<\/p>\n","protected":false},"featured_media":72309,"template":"","meta":[],"product_brand":[],"product_cat":[3019],"product_tag":[],"class_list":{"0":"post-90718","1":"product","2":"type-product","3":"status-publish","4":"has-post-thumbnail","6":"product_cat-investidores","7":"pa_hersteller-hugo-beck","8":"pa_typ-hb-350","10":"first","11":"instock","12":"taxable","13":"shipping-taxable","14":"purchasable","15":"product-type-simple"},"jetpack_sharing_enabled":true,"_links":{"self":[{"href":"https:\/\/www.3p-gmbh.de\/pt-br\/wp-json\/wp\/v2\/product\/90718","targetHints":{"allow":["GET"]}}],"collection":[{"href":"https:\/\/www.3p-gmbh.de\/pt-br\/wp-json\/wp\/v2\/product"}],"about":[{"href":"https:\/\/www.3p-gmbh.de\/pt-br\/wp-json\/wp\/v2\/types\/product"}],"wp:featuredmedia":[{"embeddable":true,"href":"https:\/\/www.3p-gmbh.de\/pt-br\/wp-json\/wp\/v2\/media\/72309"}],"wp:attachment":[{"href":"https:\/\/www.3p-gmbh.de\/pt-br\/wp-json\/wp\/v2\/media?parent=90718"}],"wp:term":[{"taxonomy":"product_brand","embeddable":true,"href":"https:\/\/www.3p-gmbh.de\/pt-br\/wp-json\/wp\/v2\/product_brand?post=90718"},{"taxonomy":"product_cat","embeddable":true,"href":"https:\/\/www.3p-gmbh.de\/pt-br\/wp-json\/wp\/v2\/product_cat?post=90718"},{"taxonomy":"product_tag","embeddable":true,"href":"https:\/\/www.3p-gmbh.de\/pt-br\/wp-json\/wp\/v2\/product_tag?post=90718"}],"curies":[{"name":"wp","href":"https:\/\/api.w.org\/{rel}","templated":true}]}}