{"id":90709,"date":"2019-10-29T12:07:48","date_gmt":"2019-10-29T12:07:48","guid":{"rendered":"https:\/\/www.3p-gmbh.de\/produkt\/cocheiro-automatico-baumann-bsb-3\/"},"modified":"2019-10-29T12:07:48","modified_gmt":"2019-10-29T12:07:48","slug":"maquina-de-cofragem-automatica-baumann-bsb-3","status":"publish","type":"product","link":"https:\/\/www.3p-gmbh.de\/pt-br\/produkt\/maquina-de-cofragem-automatica-baumann-bsb-3\/","title":{"rendered":"Cocheiro autom\u00e1tico Baumann BSB 3"},"content":{"rendered":"<p>O agitador \u00e9 constitu\u00eddo por uma estrutura de base est\u00e1vel na qual o movimento da mesa (para cima\/para baixo) \u00e9 guiado de forma est\u00e1vel por 2 colunas (n\u00e3o s\u00e3o utilizadas cordas). A mesa de agita\u00e7\u00e3o \u00e9 movida por um motor para uma posi\u00e7\u00e3o inclinada e para a altura de trabalho.<\/p>\n<p>Caracter\u00edsticas<br \/>\n&#8211; Mesa de agita\u00e7\u00e3o como mesa de ar com superf\u00edcie de a\u00e7o inoxid\u00e1vel<br \/>\n-Paragem lateral manual<br \/>\n-Folha lateral esquerda<br \/>\n-intensidade de agita\u00e7\u00e3o regul\u00e1vel<\/p>\n","protected":false},"excerpt":{"rendered":"<p>O agitador \u00e9 constitu\u00eddo por uma estrutura de base est\u00e1vel na qual o movimento da mesa (para cima\/para baixo) \u00e9 guiado de forma est\u00e1vel por 2 colunas (n\u00e3o s\u00e3o utilizadas cordas). A mesa de agita\u00e7\u00e3o \u00e9 movida por um motor para uma posi\u00e7\u00e3o inclinada e para a altura de trabalho. Caracter\u00edsticas &#8211; Mesa de agita\u00e7\u00e3o [&hellip;]<\/p>\n","protected":false},"featured_media":72402,"template":"","meta":[],"product_brand":[],"product_cat":[3069],"product_tag":[],"class_list":{"0":"post-90709","1":"product","2":"type-product","3":"status-publish","4":"has-post-thumbnail","6":"product_cat-mesas-vibratorias","7":"pa_hersteller-baumann","8":"pa_typ-bsb-3","10":"first","11":"instock","12":"taxable","13":"shipping-taxable","14":"purchasable","15":"product-type-simple"},"jetpack_sharing_enabled":true,"_links":{"self":[{"href":"https:\/\/www.3p-gmbh.de\/pt-br\/wp-json\/wp\/v2\/product\/90709","targetHints":{"allow":["GET"]}}],"collection":[{"href":"https:\/\/www.3p-gmbh.de\/pt-br\/wp-json\/wp\/v2\/product"}],"about":[{"href":"https:\/\/www.3p-gmbh.de\/pt-br\/wp-json\/wp\/v2\/types\/product"}],"wp:featuredmedia":[{"embeddable":true,"href":"https:\/\/www.3p-gmbh.de\/pt-br\/wp-json\/wp\/v2\/media\/72402"}],"wp:attachment":[{"href":"https:\/\/www.3p-gmbh.de\/pt-br\/wp-json\/wp\/v2\/media?parent=90709"}],"wp:term":[{"taxonomy":"product_brand","embeddable":true,"href":"https:\/\/www.3p-gmbh.de\/pt-br\/wp-json\/wp\/v2\/product_brand?post=90709"},{"taxonomy":"product_cat","embeddable":true,"href":"https:\/\/www.3p-gmbh.de\/pt-br\/wp-json\/wp\/v2\/product_cat?post=90709"},{"taxonomy":"product_tag","embeddable":true,"href":"https:\/\/www.3p-gmbh.de\/pt-br\/wp-json\/wp\/v2\/product_tag?post=90709"}],"curies":[{"name":"wp","href":"https:\/\/api.w.org\/{rel}","templated":true}]}}