{"id":90708,"date":"2019-10-29T10:59:50","date_gmt":"2019-10-29T10:59:50","guid":{"rendered":"https:\/\/www.3p-gmbh.de\/produkt\/scanner-plano-creoscitex-eversmart-supreme\/"},"modified":"2019-10-29T10:59:50","modified_gmt":"2019-10-29T10:59:50","slug":"creoscitex-eversmart-supreme-flatbed-scanner","status":"publish","type":"product","link":"https:\/\/www.3p-gmbh.de\/pt-br\/produkt\/creoscitex-eversmart-supreme-flatbed-scanner\/","title":{"rendered":"Scanner plano CreoScitex Eversmart Supreme"},"content":{"rendered":"<ul>\n<li>Resolu\u00e7\u00e3o 5.600 dpi<\/li>\n<li>resolu\u00e7\u00e3o \u00f3tica 14.000 dpi<\/li>\n<li>Densidade 4.3<\/li>\n<li>Tecnologia SOOM (digitalizar uma vez, produzir muitas)<\/li>\n<li>Tecnologia XY-Stitch<\/li>\n<li>m\u00e1ximo. Formato de digitaliza\u00e7\u00e3o 305&#215;432 mm<\/li>\n<li>Profundidade de cor 48 bits<\/li>\n<li>com o software Eversmart Scan Solution (Mac OS X)<\/li>\n<li>Liga\u00e7\u00e3o atrav\u00e9s de adaptador FireWire<\/li>\n<\/ul>\n","protected":false},"excerpt":{"rendered":"<p>Resolu\u00e7\u00e3o 5.600 dpi resolu\u00e7\u00e3o \u00f3tica 14.000 dpi Densidade 4.3 Tecnologia SOOM (digitalizar uma vez, produzir muitas) Tecnologia XY-Stitch m\u00e1ximo. Formato de digitaliza\u00e7\u00e3o 305&#215;432 mm Profundidade de cor 48 bits com o software Eversmart Scan Solution (Mac OS X) Liga\u00e7\u00e3o atrav\u00e9s de adaptador FireWire<\/p>\n","protected":false},"featured_media":72333,"template":"","meta":[],"product_brand":[],"product_cat":[3098],"product_tag":[],"class_list":{"0":"post-90708","1":"product","2":"type-product","3":"status-publish","4":"has-post-thumbnail","6":"product_cat-scanner-de-mesa","7":"pa_bezeichnung_typ-eversmart-supreme","8":"pa_hersteller-creo-scitex","10":"first","11":"instock","12":"taxable","13":"shipping-taxable","14":"purchasable","15":"product-type-simple"},"jetpack_sharing_enabled":true,"_links":{"self":[{"href":"https:\/\/www.3p-gmbh.de\/pt-br\/wp-json\/wp\/v2\/product\/90708","targetHints":{"allow":["GET"]}}],"collection":[{"href":"https:\/\/www.3p-gmbh.de\/pt-br\/wp-json\/wp\/v2\/product"}],"about":[{"href":"https:\/\/www.3p-gmbh.de\/pt-br\/wp-json\/wp\/v2\/types\/product"}],"wp:featuredmedia":[{"embeddable":true,"href":"https:\/\/www.3p-gmbh.de\/pt-br\/wp-json\/wp\/v2\/media\/72333"}],"wp:attachment":[{"href":"https:\/\/www.3p-gmbh.de\/pt-br\/wp-json\/wp\/v2\/media?parent=90708"}],"wp:term":[{"taxonomy":"product_brand","embeddable":true,"href":"https:\/\/www.3p-gmbh.de\/pt-br\/wp-json\/wp\/v2\/product_brand?post=90708"},{"taxonomy":"product_cat","embeddable":true,"href":"https:\/\/www.3p-gmbh.de\/pt-br\/wp-json\/wp\/v2\/product_cat?post=90708"},{"taxonomy":"product_tag","embeddable":true,"href":"https:\/\/www.3p-gmbh.de\/pt-br\/wp-json\/wp\/v2\/product_tag?post=90708"}],"curies":[{"name":"wp","href":"https:\/\/api.w.org\/{rel}","templated":true}]}}