{"id":90703,"date":"2019-11-01T09:33:53","date_gmt":"2019-11-01T09:33:53","guid":{"rendered":"https:\/\/www.3p-gmbh.de\/produkt\/impressora-offset-monocromatica-man-roland-practica-pr-00-com-unidade-de-impressao-para-numeracao\/"},"modified":"2019-11-01T09:33:53","modified_gmt":"2019-11-01T09:33:53","slug":"maquina-de-impressao-offset-a-uma-cor-man-roland-practica-pr-00-com-unidade-de-impressao-para-numeracao","status":"publish","type":"product","link":"https:\/\/www.3p-gmbh.de\/pt-br\/produkt\/maquina-de-impressao-offset-a-uma-cor-man-roland-practica-pr-00-com-unidade-de-impressao-para-numeracao\/","title":{"rendered":"Impressora offset monocrom\u00e1tica MAN Roland Practica PR 00 com unidade de impress\u00e3o para numera\u00e7\u00e3o"},"content":{"rendered":"<ul>\n<li>Impressora offset monocrom\u00e1tica MAN Roland Practica PR 00 com unidade de impress\u00e3o para numera\u00e7\u00e3o<\/li>\n<li>Formato 360 x 520 mm<\/li>\n<li>Alimentador de galp\u00e3o Mabeg com mesa de fita<\/li>\n<li>Sistema de amortecimento Molton<\/li>\n<\/ul>\n<p>&nbsp;<\/p>\n<ul>\n<li>Dispositivo de numera\u00e7\u00e3o constitu\u00eddo por<br \/>\n1 caixa de pintura<br \/>\n1 Eixo do numerador<br \/>\n4 an\u00e9is de assento<br \/>\n4 bra\u00e7os de interrutor<br \/>\n9 Unidades de numera\u00e7\u00e3o<\/li>\n<\/ul>\n<p>&nbsp;<\/p>\n<ul>\n<li>Dimens\u00f5es C 1,45m, L 1,38m, 1,69m de altura<\/li>\n<li>Liga\u00e7\u00e3o: 400 Volt 50-60 Hz 6,2 kWatt<\/li>\n<li>Peso 1780 kg<\/li>\n<\/ul>\n<p>&nbsp;<\/p>\n<ul>\n<li>incl. Acess\u00f3rios standard + ferramentas<\/li>\n<\/ul>\n","protected":false},"excerpt":{"rendered":"<p>Impressora offset monocrom\u00e1tica MAN Roland Practica PR 00 com unidade de impress\u00e3o para numera\u00e7\u00e3o Formato 360 x 520 mm Alimentador de galp\u00e3o Mabeg com mesa de fita Sistema de amortecimento Molton &nbsp; Dispositivo de numera\u00e7\u00e3o constitu\u00eddo por 1 caixa de pintura 1 Eixo do numerador 4 an\u00e9is de assento 4 bra\u00e7os de interrutor 9 Unidades [&hellip;]<\/p>\n","protected":false},"featured_media":72609,"template":"","meta":[],"product_brand":[],"product_cat":[3105],"product_tag":[],"class_list":{"0":"post-90703","1":"product","2":"type-product","3":"status-publish","4":"has-post-thumbnail","6":"product_cat-folha-de-papel-offset-1-cor","7":"pa_hersteller-man-roland","8":"pa_hersteller-man-roland-edelmann","9":"pa_typ-practica-00","11":"first","12":"instock","13":"taxable","14":"shipping-taxable","15":"purchasable","16":"product-type-simple"},"jetpack_sharing_enabled":true,"_links":{"self":[{"href":"https:\/\/www.3p-gmbh.de\/pt-br\/wp-json\/wp\/v2\/product\/90703","targetHints":{"allow":["GET"]}}],"collection":[{"href":"https:\/\/www.3p-gmbh.de\/pt-br\/wp-json\/wp\/v2\/product"}],"about":[{"href":"https:\/\/www.3p-gmbh.de\/pt-br\/wp-json\/wp\/v2\/types\/product"}],"wp:featuredmedia":[{"embeddable":true,"href":"https:\/\/www.3p-gmbh.de\/pt-br\/wp-json\/wp\/v2\/media\/72609"}],"wp:attachment":[{"href":"https:\/\/www.3p-gmbh.de\/pt-br\/wp-json\/wp\/v2\/media?parent=90703"}],"wp:term":[{"taxonomy":"product_brand","embeddable":true,"href":"https:\/\/www.3p-gmbh.de\/pt-br\/wp-json\/wp\/v2\/product_brand?post=90703"},{"taxonomy":"product_cat","embeddable":true,"href":"https:\/\/www.3p-gmbh.de\/pt-br\/wp-json\/wp\/v2\/product_cat?post=90703"},{"taxonomy":"product_tag","embeddable":true,"href":"https:\/\/www.3p-gmbh.de\/pt-br\/wp-json\/wp\/v2\/product_tag?post=90703"}],"curies":[{"name":"wp","href":"https:\/\/api.w.org\/{rel}","templated":true}]}}