{"id":90693,"date":"2019-11-01T10:07:46","date_gmt":"2019-11-01T10:07:46","guid":{"rendered":"https:\/\/www.3p-gmbh.de\/produkt\/fomm-modelo-fbr-65-maquina-de-arredondamento-de-lombada\/"},"modified":"2019-11-01T10:07:46","modified_gmt":"2019-11-01T10:07:46","slug":"brm-book-round-back-machine-fomm-model-fbr-65","status":"publish","type":"product","link":"https:\/\/www.3p-gmbh.de\/pt-br\/produkt\/brm-book-round-back-machine-fomm-model-fbr-65\/","title":{"rendered":"FOMM modelo FBR 65 m\u00e1quina de arredondamento de lombada"},"content":{"rendered":"<p><strong>FOMM modelo FBR 65 m\u00e1quina de arredondamento de lombada<\/strong><br \/>\n<strong>workshop-revisto<\/strong><\/p>\n<p>permite arredondar rapidamente e com forma os blocos de livros cosidos a fio e com encaderna\u00e7\u00e3o perfeita.<br \/>\nO ajuste r\u00e1pido de qualquer espessura de livro atrav\u00e9s do volante torna a m\u00e1quina econ\u00f3mica mesmo para tiragens curtas e muito curtas.<br \/>\nLargura de inser\u00e7\u00e3o 65cm<\/p>\n","protected":false},"excerpt":{"rendered":"<p>FOMM modelo FBR 65 m\u00e1quina de arredondamento de lombada workshop-revisto permite arredondar rapidamente e com forma os blocos de livros cosidos a fio e com encaderna\u00e7\u00e3o perfeita. O ajuste r\u00e1pido de qualquer espessura de livro atrav\u00e9s do volante torna a m\u00e1quina econ\u00f3mica mesmo para tiragens curtas e muito curtas. Largura de inser\u00e7\u00e3o 65cm<\/p>\n","protected":false},"featured_media":72660,"template":"","meta":[],"product_brand":[],"product_cat":[2892],"product_tag":[],"class_list":{"0":"post-90693","1":"product","2":"type-product","3":"status-publish","4":"has-post-thumbnail","6":"product_cat-encadernacao-de-sortido","7":"pa_hersteller-fomm","8":"pa_typ-fbr-65","10":"first","11":"instock","12":"taxable","13":"shipping-taxable","14":"purchasable","15":"product-type-simple"},"jetpack_sharing_enabled":true,"_links":{"self":[{"href":"https:\/\/www.3p-gmbh.de\/pt-br\/wp-json\/wp\/v2\/product\/90693","targetHints":{"allow":["GET"]}}],"collection":[{"href":"https:\/\/www.3p-gmbh.de\/pt-br\/wp-json\/wp\/v2\/product"}],"about":[{"href":"https:\/\/www.3p-gmbh.de\/pt-br\/wp-json\/wp\/v2\/types\/product"}],"wp:featuredmedia":[{"embeddable":true,"href":"https:\/\/www.3p-gmbh.de\/pt-br\/wp-json\/wp\/v2\/media\/72660"}],"wp:attachment":[{"href":"https:\/\/www.3p-gmbh.de\/pt-br\/wp-json\/wp\/v2\/media?parent=90693"}],"wp:term":[{"taxonomy":"product_brand","embeddable":true,"href":"https:\/\/www.3p-gmbh.de\/pt-br\/wp-json\/wp\/v2\/product_brand?post=90693"},{"taxonomy":"product_cat","embeddable":true,"href":"https:\/\/www.3p-gmbh.de\/pt-br\/wp-json\/wp\/v2\/product_cat?post=90693"},{"taxonomy":"product_tag","embeddable":true,"href":"https:\/\/www.3p-gmbh.de\/pt-br\/wp-json\/wp\/v2\/product_tag?post=90693"}],"curies":[{"name":"wp","href":"https:\/\/api.w.org\/{rel}","templated":true}]}}