{"id":90687,"date":"2019-11-01T10:23:29","date_gmt":"2019-11-01T10:23:29","guid":{"rendered":"https:\/\/www.3p-gmbh.de\/produkt\/placa-de-encadernacao-de-capa-dura-fastbind-h530\/"},"modified":"2019-11-01T10:23:29","modified_gmt":"2019-11-01T10:23:29","slug":"fastbind-h530-placa-de-encadernacao-de-capa-dura","status":"publish","type":"product","link":"https:\/\/www.3p-gmbh.de\/pt-br\/produkt\/fastbind-h530-placa-de-encadernacao-de-capa-dura\/","title":{"rendered":"Placa de encaderna\u00e7\u00e3o de capa dura FASTBIND H530"},"content":{"rendered":"<p>D\u00e1-lhe a oportunidade de imprimir os seus pr\u00f3prios livros a pedido.<br \/>\npara fabricar. O m\u00e9todo patenteado do FASTBIND H 530 ajuda<br \/>\nOs componentes individuais da capa dura s\u00e3o mostrados na tabela correcta<br \/>\npara fixar a posi\u00e7\u00e3o. Pode utilizar qualquer formato entre DIN A6 e<br \/>\nDIN A4 + processo. Tamb\u00e9m tem a op\u00e7\u00e3o de<br \/>\nProduzir pastas de envelopes<\/p>\n","protected":false},"excerpt":{"rendered":"<p>D\u00e1-lhe a oportunidade de imprimir os seus pr\u00f3prios livros a pedido. para fabricar. O m\u00e9todo patenteado do FASTBIND H 530 ajuda Os componentes individuais da capa dura s\u00e3o mostrados na tabela correcta para fixar a posi\u00e7\u00e3o. Pode utilizar qualquer formato entre DIN A6 e DIN A4 + processo. Tamb\u00e9m tem a op\u00e7\u00e3o de Produzir pastas [&hellip;]<\/p>\n","protected":false},"featured_media":72681,"template":"","meta":[],"product_brand":[],"product_cat":[2892],"product_tag":[],"class_list":{"0":"post-90687","1":"product","2":"type-product","3":"status-publish","4":"has-post-thumbnail","6":"product_cat-encadernacao-de-sortido","7":"pa_hersteller-fastbind","8":"pa_typ-h-530","10":"first","11":"instock","12":"taxable","13":"shipping-taxable","14":"purchasable","15":"product-type-simple"},"jetpack_sharing_enabled":true,"_links":{"self":[{"href":"https:\/\/www.3p-gmbh.de\/pt-br\/wp-json\/wp\/v2\/product\/90687","targetHints":{"allow":["GET"]}}],"collection":[{"href":"https:\/\/www.3p-gmbh.de\/pt-br\/wp-json\/wp\/v2\/product"}],"about":[{"href":"https:\/\/www.3p-gmbh.de\/pt-br\/wp-json\/wp\/v2\/types\/product"}],"wp:featuredmedia":[{"embeddable":true,"href":"https:\/\/www.3p-gmbh.de\/pt-br\/wp-json\/wp\/v2\/media\/72681"}],"wp:attachment":[{"href":"https:\/\/www.3p-gmbh.de\/pt-br\/wp-json\/wp\/v2\/media?parent=90687"}],"wp:term":[{"taxonomy":"product_brand","embeddable":true,"href":"https:\/\/www.3p-gmbh.de\/pt-br\/wp-json\/wp\/v2\/product_brand?post=90687"},{"taxonomy":"product_cat","embeddable":true,"href":"https:\/\/www.3p-gmbh.de\/pt-br\/wp-json\/wp\/v2\/product_cat?post=90687"},{"taxonomy":"product_tag","embeddable":true,"href":"https:\/\/www.3p-gmbh.de\/pt-br\/wp-json\/wp\/v2\/product_tag?post=90687"}],"curies":[{"name":"wp","href":"https:\/\/api.w.org\/{rel}","templated":true}]}}