{"id":90685,"date":"2019-11-01T10:19:18","date_gmt":"2019-11-01T10:19:18","guid":{"rendered":"https:\/\/www.3p-gmbh.de\/produkt\/maquina-de-encadernacao-fastbind-elite\/"},"modified":"2019-11-01T10:19:18","modified_gmt":"2019-11-01T10:19:18","slug":"fastbind-elite-binding-machine-2","status":"publish","type":"product","link":"https:\/\/www.3p-gmbh.de\/pt-br\/produkt\/fastbind-elite-binding-machine-2\/","title":{"rendered":"M\u00e1quina de encaderna\u00e7\u00e3o Fastbind Elite"},"content":{"rendered":"<p>Produz livros de capa dura e mole, bem como capas de gest\u00e3o, almofadas destac\u00e1veis e encaderna\u00e7\u00f5es de tiras (encaderna\u00e7\u00f5es de tiras) de forma r\u00e1pida e f\u00e1cil de utilizar.<br \/>\nIdeal para a ind\u00fastria de servi\u00e7os no sector da impress\u00e3o digital, para lojas de impress\u00e3o e de c\u00f3pias, editores, encadernadores e fot\u00f3grafos.<br \/>\nO resultado \u00e9 sempre uma &#8220;encaderna\u00e7\u00e3o perfeita&#8221;: profissional, econ\u00f3mica e duradoura.<\/p>\n<p>Sistema de desbaste &#8211; PGO<br \/>\nA Fastbind Elite possui o sistema exclusivo de abertura do gr\u00e3o de papel (PGO).<br \/>\nAo contr\u00e1rio de outros sistemas de desbaste da lombada que arrastam a lombada e criam muito p\u00f3 e ru\u00eddo, o PGO abre a lombada muito silenciosamente,<br \/>\nsem p\u00f3 de papel e garante a m\u00e1xima durabilidade mesmo com pap\u00e9is dif\u00edceis de copiar a cores e de impress\u00e3o de imagens.<\/p>\n<p>O utilizador pode controlar as passagens de PGO necess\u00e1rias para obter uma liga\u00e7\u00e3o est\u00e1vel e duradoura.<\/p>\n<p>Todas as aplica\u00e7\u00f5es s\u00e3o efectuadas numa \u00fanica opera\u00e7\u00e3o, sem tempos de mudan\u00e7a ou de regula\u00e7\u00e3o da m\u00e1quina de encaderna\u00e7\u00e3o.<br \/>\nTodos os formatos e formatos interm\u00e9dios at\u00e9 DIN A4 e uma largura de lombada at\u00e9 4 cm podem ser encadernados de forma perfeita, duradoura e profissional.<br \/>\nO ciclo de liga\u00e7\u00e3o \u00e9 de apenas 20 segundos. (180 pe\u00e7as\/h).<\/p>\n","protected":false},"excerpt":{"rendered":"<p>Produz livros de capa dura e mole, bem como capas de gest\u00e3o, almofadas destac\u00e1veis e encaderna\u00e7\u00f5es de tiras (encaderna\u00e7\u00f5es de tiras) de forma r\u00e1pida e f\u00e1cil de utilizar. Ideal para a ind\u00fastria de servi\u00e7os no sector da impress\u00e3o digital, para lojas de impress\u00e3o e de c\u00f3pias, editores, encadernadores e fot\u00f3grafos. O resultado \u00e9 sempre uma [&hellip;]<\/p>\n","protected":false},"featured_media":72669,"template":"","meta":[],"product_brand":[],"product_cat":[2892],"product_tag":[],"class_list":{"0":"post-90685","1":"product","2":"type-product","3":"status-publish","4":"has-post-thumbnail","6":"product_cat-encadernacao-de-sortido","7":"pa_hersteller-fastbind","8":"pa_typ-elite","10":"first","11":"instock","12":"taxable","13":"shipping-taxable","14":"purchasable","15":"product-type-simple"},"jetpack_sharing_enabled":true,"_links":{"self":[{"href":"https:\/\/www.3p-gmbh.de\/pt-br\/wp-json\/wp\/v2\/product\/90685","targetHints":{"allow":["GET"]}}],"collection":[{"href":"https:\/\/www.3p-gmbh.de\/pt-br\/wp-json\/wp\/v2\/product"}],"about":[{"href":"https:\/\/www.3p-gmbh.de\/pt-br\/wp-json\/wp\/v2\/types\/product"}],"wp:featuredmedia":[{"embeddable":true,"href":"https:\/\/www.3p-gmbh.de\/pt-br\/wp-json\/wp\/v2\/media\/72669"}],"wp:attachment":[{"href":"https:\/\/www.3p-gmbh.de\/pt-br\/wp-json\/wp\/v2\/media?parent=90685"}],"wp:term":[{"taxonomy":"product_brand","embeddable":true,"href":"https:\/\/www.3p-gmbh.de\/pt-br\/wp-json\/wp\/v2\/product_brand?post=90685"},{"taxonomy":"product_cat","embeddable":true,"href":"https:\/\/www.3p-gmbh.de\/pt-br\/wp-json\/wp\/v2\/product_cat?post=90685"},{"taxonomy":"product_tag","embeddable":true,"href":"https:\/\/www.3p-gmbh.de\/pt-br\/wp-json\/wp\/v2\/product_tag?post=90685"}],"curies":[{"name":"wp","href":"https:\/\/api.w.org\/{rel}","templated":true}]}}